{"id":983,"date":"2017-11-25T19:48:38","date_gmt":"2017-11-25T19:48:38","guid":{"rendered":"https:\/\/ofertalux.com\/empresa\/?post_type=product&#038;p=983"},"modified":"2018-09-20T11:17:29","modified_gmt":"2018-09-20T11:17:29","slug":"prensatelas-para-fruncir-rizar","status":"publish","type":"product","link":"https:\/\/ofertalux.com\/empresa\/producto\/prensatelas-para-fruncir-rizar\/","title":{"rendered":"Prensatelas para fruncir\/rizar"},"content":{"rendered":"<p>Prensatelas de ca\u00f1a baja para fruncir.<\/p>\n<p>De forma r\u00e1pida y f\u00e1cil se puede unir simult\u00e1neamente volantes a las prendas como almohadas, cojines, etc<\/p>\n<p><strong>Para saber que pr\u00e9nsatelas necesita su m\u00e1quina de coser debe medir la distancia desde\u00a0la base del pr\u00e9nsatelas\u00a0al orificio del tornillo \u00a0que mantiene\u00a0el pr\u00e9nsatelas\u00a0sujeto a\u00a0la barra de presi\u00f3n.<\/strong><\/p>\n<p><strong>Una m\u00e1quina que utiliza pr\u00e9nsatelas de\u00a0ca\u00f1a\u00a0baja\u00a0mide aproximadamente 12,7 mm desde el orificio del tornillo\u00a0del pr\u00e9nsatelas hasta la parte inferior\u00a0del pie.\u00a0\u00a0<\/strong><\/p>\n","protected":false},"excerpt":{"rendered":"<p>Compatible con la mayor\u00eda de las maquinas de coser domesticas.<\/p>\n","protected":false},"featured_media":984,"comment_status":"open","ping_status":"closed","template":"","meta":[],"product_cat":[25],"product_tag":[],"class_list":{"0":"post-983","1":"product","2":"type-product","3":"status-publish","4":"has-post-thumbnail","6":"product_cat-recambios-para-maquinas-de-coser","8":"first","9":"instock","10":"taxable","11":"shipping-taxable","12":"purchasable","13":"product-type-simple"},"jetpack_sharing_enabled":true,"_links":{"self":[{"href":"https:\/\/ofertalux.com\/empresa\/wp-json\/wp\/v2\/product\/983","targetHints":{"allow":["GET"]}}],"collection":[{"href":"https:\/\/ofertalux.com\/empresa\/wp-json\/wp\/v2\/product"}],"about":[{"href":"https:\/\/ofertalux.com\/empresa\/wp-json\/wp\/v2\/types\/product"}],"replies":[{"embeddable":true,"href":"https:\/\/ofertalux.com\/empresa\/wp-json\/wp\/v2\/comments?post=983"}],"wp:featuredmedia":[{"embeddable":true,"href":"https:\/\/ofertalux.com\/empresa\/wp-json\/wp\/v2\/media\/984"}],"wp:attachment":[{"href":"https:\/\/ofertalux.com\/empresa\/wp-json\/wp\/v2\/media?parent=983"}],"wp:term":[{"taxonomy":"product_cat","embeddable":true,"href":"https:\/\/ofertalux.com\/empresa\/wp-json\/wp\/v2\/product_cat?post=983"},{"taxonomy":"product_tag","embeddable":true,"href":"https:\/\/ofertalux.com\/empresa\/wp-json\/wp\/v2\/product_tag?post=983"}],"curies":[{"name":"wp","href":"https:\/\/api.w.org\/{rel}","templated":true}]}}