{"id":982,"date":"2017-12-30T12:11:35","date_gmt":"2017-12-30T12:11:35","guid":{"rendered":"https:\/\/ofertalux.com\/empresa\/?post_type=product&#038;p=982"},"modified":"2024-08-17T14:22:58","modified_gmt":"2024-08-17T14:22:58","slug":"prensatelas-ruffler-para-plisado-fruncido","status":"publish","type":"product","link":"https:\/\/ofertalux.com\/empresa\/producto\/prensatelas-ruffler-para-plisado-fruncido\/","title":{"rendered":"Prensatelas Ruffler para Plisado\/ Fruncido"},"content":{"rendered":"<div>\n<p>Nuevo y de Alta Calidad<\/p>\n<p>Prensatelas compatible con M\u00e1quina de Coser (Prensatelas de ca\u00f1a baja)\u00a0 como: Alfa, Singer, Silvercrest,Babylock, Husqvarna Viking (Serie Husky), Euro-Pro, Janome, Kenmore,\u00a0 Juki, Bernina (Serie Bernette), Necchi y M\u00e1quinas De Coser Elna. Para evitar equivocaciones fijense en las fotos para ver si el encaje es igual que el de su maquina. Si todav\u00eda tiene dudas p\u00f3ngase en contacto con nosotros e intentaremos ayudarle.<\/p>\n<p>Con este Prensatelas se hacen los volantes muy f\u00e1cilmente! En general se utilizan para blusas y vestidos de acento,\u00a0 frontera para cortinas transparentes, o como un volante de colchas de la cama.<\/p>\n<p>El Prensatelas Ruffler est\u00e1 hecho para adaptarse a cualquier M\u00e1quina de Coser Ca\u00f1a baja. Los Pies de costura de alta calidad proporcionan al usuario la facilidad de uso para las tareas que pudieran ser muy complicadas si se hace a mano. Es f\u00e1cil convertirse en costurero\/a con buena maquinaria!<\/p>\n<p>El paquete Incluye: 1 * Prensatelas<\/p>\n<\/div>\n<div>\n<p><img loading=\"lazy\" decoding=\"async\" class=\"aligncenter\" src=\"https:\/\/ae01.alicdn.com\/kf\/HTB1eJXhOVXXXXXhapXXq6xXFXXXk\/221878840\/HTB1eJXhOVXXXXXhapXXq6xXFXXXk.jpg\" alt=\"aeProduct.getSubject()\" width=\"247\" height=\"247\" \/><\/p>\n<\/div>\n","protected":false},"excerpt":{"rendered":"<p>Prensatelas para fruncir y plisar.<\/p>\n<p>Hace varios anchos de volantes.<\/p>\n","protected":false},"featured_media":973,"comment_status":"open","ping_status":"closed","template":"","meta":[],"product_cat":[25],"product_tag":[],"class_list":{"0":"post-982","1":"product","2":"type-product","3":"status-publish","4":"has-post-thumbnail","6":"product_cat-recambios-para-maquinas-de-coser","8":"first","9":"instock","10":"taxable","11":"shipping-taxable","12":"purchasable","13":"product-type-simple"},"jetpack_sharing_enabled":true,"_links":{"self":[{"href":"https:\/\/ofertalux.com\/empresa\/wp-json\/wp\/v2\/product\/982","targetHints":{"allow":["GET"]}}],"collection":[{"href":"https:\/\/ofertalux.com\/empresa\/wp-json\/wp\/v2\/product"}],"about":[{"href":"https:\/\/ofertalux.com\/empresa\/wp-json\/wp\/v2\/types\/product"}],"replies":[{"embeddable":true,"href":"https:\/\/ofertalux.com\/empresa\/wp-json\/wp\/v2\/comments?post=982"}],"wp:featuredmedia":[{"embeddable":true,"href":"https:\/\/ofertalux.com\/empresa\/wp-json\/wp\/v2\/media\/973"}],"wp:attachment":[{"href":"https:\/\/ofertalux.com\/empresa\/wp-json\/wp\/v2\/media?parent=982"}],"wp:term":[{"taxonomy":"product_cat","embeddable":true,"href":"https:\/\/ofertalux.com\/empresa\/wp-json\/wp\/v2\/product_cat?post=982"},{"taxonomy":"product_tag","embeddable":true,"href":"https:\/\/ofertalux.com\/empresa\/wp-json\/wp\/v2\/product_tag?post=982"}],"curies":[{"name":"wp","href":"https:\/\/api.w.org\/{rel}","templated":true}]}}