{"id":6427,"date":"2026-05-02T17:53:33","date_gmt":"2026-05-02T17:53:33","guid":{"rendered":"https:\/\/ofertalux.com\/empresa\/?post_type=product&#038;p=6427"},"modified":"2026-05-02T17:59:43","modified_gmt":"2026-05-02T17:59:43","slug":"tela-para-confeccion-de-ropa-pieza-de-3-metros-x-160cm-ancho-3","status":"publish","type":"product","link":"https:\/\/ofertalux.com\/empresa\/producto\/tela-para-confeccion-de-ropa-pieza-de-3-metros-x-160cm-ancho-3\/","title":{"rendered":"Tela para confecci\u00f3n de sabanas o cojines\/ Pieza de 2,95 Metros Ancho x 2,50 cm Largo\/ Algod\u00f2n"},"content":{"rendered":"","protected":false},"excerpt":{"rendered":"<p><span><strong><\/strong><\/span><\/p>\n<p><strong>Tela especial para confecci\u00f3n cojines o sabanas o talvez una cortina. Es finita y con dibujo de peces, corral, etc&#8230; No vale para tapizar sillas, sof\u00e1s o sillones.<\/strong><\/p>\n<p><strong>Pieza de tela de algod\u00f3n con un vibrante dise\u00f1o de peces y corales marinos. Ideal para proyectos de costura o decoraci\u00f3n. La tela tiene el ancho de 295m (por eso se ve en una foto de un color y por el otro lado se ve de otro). para echarle foto la tuve que doblar por la mitad. Miren bien las fotos. Se hacen envios.<\/strong><\/p>\n<p><strong><\/strong><\/p>\n<p><strong>&#8211; Medidas: 2,95 metros de largo x 2,50 metros de ancho.<\/strong><\/p>\n<p><strong>&#8211; Material: Algod\u00f3n.<\/strong><\/p>\n<p><strong><br \/>\nTodos los retales son de materiales buenos y de calidad. Si tienen dudas siempre pueden contactar antes de comprar.<\/strong><\/p>\n<p><strong>Hacemos env\u00edos tambi\u00e9n a Portugal.<\/strong><\/p>\n<p><span><strong>No se aceptan devoluciones porque son materiales de bajo costo.<\/strong><\/span><\/p>\n","protected":false},"featured_media":6432,"comment_status":"open","ping_status":"closed","template":"","meta":[],"product_cat":[1027],"product_tag":[1476,1477,1452,1485,183,1475,1481,1479,1088,1097,1473,1474,1482,1484,1483,1480,1461,1486,1487,1472,1492,1491,1490,1489,1488,885,1469,1468,1455,1464,1493,1463,1457,1471,1495,1494,1497,1093,1498,1460,1459,1478,1499,1454,1456,1466,1467,1470,1496,1453,1465,1462,1458],"class_list":{"0":"post-6427","1":"product","2":"type-product","3":"status-publish","4":"has-post-thumbnail","6":"product_cat-retales-telas-de-confeccion","7":"product_tag-comprar-telas-al-por-mayor","8":"product_tag-comprar-telas-de-liquidacion","9":"product_tag-confeccion-de-rropa","10":"product_tag-envio-a-portugal","11":"product_tag-fabrica-de-telas","12":"product_tag-retales-baratos-de-tela","13":"product_tag-retales-de-licra","14":"product_tag-retales-de-seda","15":"product_tag-retales-de-telas","16":"product_tag-retales-de-telas-al-peso","17":"product_tag-retales-de-telas-al-por-mayor","18":"product_tag-retales-de-telas-baratas","19":"product_tag-retales-de-telas-caras","20":"product_tag-retales-de-telas-de-marca","21":"product_tag-retales-de-telas-exclusivas","22":"product_tag-retales-de-viscosa","23":"product_tag-retales-para-hacer-pantalones","24":"product_tag-retales-para-modistas","25":"product_tag-retales-para-trajes-de-gitana","26":"product_tag-retales-por-kilo","27":"product_tag-ropa-para-hacer-jilaba","28":"product_tag-ropa-para-hacer-kaftan","29":"product_tag-ropa-para-hacer-vestidos-arabes","30":"product_tag-ropa-para-hacer-vestidos-maroquies","31":"product_tag-ropa-para-jilava","32":"product_tag-tapizados-luxor","33":"product_tag-tela-para-hacer-cojiens","34":"product_tag-tela-para-hacer-disfraces","35":"product_tag-tela-para-hacer-faldas","36":"product_tag-tela-para-hacer-faltas","37":"product_tag-tela-para-hacer-jilaba","38":"product_tag-tela-para-hacer-pantalones","39":"product_tag-tela-para-hacer-ropa-de-bebe","40":"product_tag-tela-para-hacer-trajes","41":"product_tag-tela-para-hacer-vestidos-arabes","42":"product_tag-tela-para-jilava","43":"product_tag-tela-para-vestidos-arabaes","44":"product_tag-telas-al-peso","45":"product_tag-telas-arabes","46":"product_tag-telas-baratas","47":"product_tag-telas-baratas-para-hacer-rtopa","48":"product_tag-telas-descatalogadas","49":"product_tag-telas-orientales","50":"product_tag-telas-para-confeccion-ropa","51":"product_tag-telas-para-hacer-camisas","52":"product_tag-telas-para-hacer-camisas-de-hombre","53":"product_tag-telas-para-hacer-camisas-de-mujer","54":"product_tag-telas-para-hacer-cortinas","55":"product_tag-telas-para-hacer-kaftan","56":"product_tag-telas-para-hacer-ropa","57":"product_tag-telas-para-minifaldas","58":"product_tag-telas-para-pantalones","59":"product_tag-telas-para-vestidos","61":"first","62":"instock","63":"taxable","64":"shipping-taxable","65":"purchasable","66":"product-type-simple"},"jetpack_sharing_enabled":true,"_links":{"self":[{"href":"https:\/\/ofertalux.com\/empresa\/wp-json\/wp\/v2\/product\/6427","targetHints":{"allow":["GET"]}}],"collection":[{"href":"https:\/\/ofertalux.com\/empresa\/wp-json\/wp\/v2\/product"}],"about":[{"href":"https:\/\/ofertalux.com\/empresa\/wp-json\/wp\/v2\/types\/product"}],"replies":[{"embeddable":true,"href":"https:\/\/ofertalux.com\/empresa\/wp-json\/wp\/v2\/comments?post=6427"}],"wp:featuredmedia":[{"embeddable":true,"href":"https:\/\/ofertalux.com\/empresa\/wp-json\/wp\/v2\/media\/6432"}],"wp:attachment":[{"href":"https:\/\/ofertalux.com\/empresa\/wp-json\/wp\/v2\/media?parent=6427"}],"wp:term":[{"taxonomy":"product_cat","embeddable":true,"href":"https:\/\/ofertalux.com\/empresa\/wp-json\/wp\/v2\/product_cat?post=6427"},{"taxonomy":"product_tag","embeddable":true,"href":"https:\/\/ofertalux.com\/empresa\/wp-json\/wp\/v2\/product_tag?post=6427"}],"curies":[{"name":"wp","href":"https:\/\/api.w.org\/{rel}","templated":true}]}}