{"id":6425,"date":"2026-04-28T12:31:18","date_gmt":"2026-04-28T12:31:18","guid":{"rendered":"https:\/\/ofertalux.com\/empresa\/?post_type=product&#038;p=6425"},"modified":"2026-04-28T17:46:18","modified_gmt":"2026-04-28T17:46:18","slug":"fundas-de-cojines-con-diseno-exclusivo-44x-36-sin-relleno-2","status":"publish","type":"product","link":"https:\/\/ofertalux.com\/empresa\/producto\/fundas-de-cojines-con-diseno-exclusivo-44x-36-sin-relleno-2\/","title":{"rendered":"Cojines con dise\u00f1o exclusivo 44cm x 36cm (Funda + relleno)"},"content":{"rendered":"","protected":false},"excerpt":{"rendered":"<p><strong>Cojines con dise\u00f1o exclusivo con estilo se\u00f1orial y confeccionados con una tela de alta categor\u00eda (Parte frontal 45\u20ac\/m).<\/strong><\/p>\n<p><strong>Medidas: 44x 36 medida con flecos y 41x 33 sin flecos.<\/strong><\/p>\n<p><strong>Precio con los rellenos incluido (Tejido anti bacteriano color gris+fibra relleno blandito tipo nube) <\/strong><\/p>\n","protected":false},"featured_media":6421,"comment_status":"open","ping_status":"closed","template":"","meta":[],"product_cat":[1591,24],"product_tag":[],"class_list":{"0":"post-6425","1":"product","2":"type-product","3":"status-publish","4":"has-post-thumbnail","6":"product_cat-cojines","7":"product_cat-fundas","9":"first","10":"instock","11":"taxable","12":"shipping-taxable","13":"purchasable","14":"product-type-simple"},"jetpack_sharing_enabled":true,"_links":{"self":[{"href":"https:\/\/ofertalux.com\/empresa\/wp-json\/wp\/v2\/product\/6425","targetHints":{"allow":["GET"]}}],"collection":[{"href":"https:\/\/ofertalux.com\/empresa\/wp-json\/wp\/v2\/product"}],"about":[{"href":"https:\/\/ofertalux.com\/empresa\/wp-json\/wp\/v2\/types\/product"}],"replies":[{"embeddable":true,"href":"https:\/\/ofertalux.com\/empresa\/wp-json\/wp\/v2\/comments?post=6425"}],"wp:featuredmedia":[{"embeddable":true,"href":"https:\/\/ofertalux.com\/empresa\/wp-json\/wp\/v2\/media\/6421"}],"wp:attachment":[{"href":"https:\/\/ofertalux.com\/empresa\/wp-json\/wp\/v2\/media?parent=6425"}],"wp:term":[{"taxonomy":"product_cat","embeddable":true,"href":"https:\/\/ofertalux.com\/empresa\/wp-json\/wp\/v2\/product_cat?post=6425"},{"taxonomy":"product_tag","embeddable":true,"href":"https:\/\/ofertalux.com\/empresa\/wp-json\/wp\/v2\/product_tag?post=6425"}],"curies":[{"name":"wp","href":"https:\/\/api.w.org\/{rel}","templated":true}]}}