{"id":6364,"date":"2026-04-05T22:09:18","date_gmt":"2026-04-05T22:09:18","guid":{"rendered":"https:\/\/ofertalux.com\/empresa\/producto\/cojin-para-asiento-del-coche-44x35x7-previene-la-prostata\/"},"modified":"2026-04-05T22:26:07","modified_gmt":"2026-04-05T22:26:07","slug":"cojin-para-asiento-del-coche-44x35x7-previene-la-prostata","status":"publish","type":"product","link":"https:\/\/ofertalux.com\/empresa\/producto\/cojin-para-asiento-del-coche-44x35x7-previene-la-prostata\/","title":{"rendered":"COJIN PARA ASIENTO DEL COCHE 44x35x7 \/ Previene la pr\u00f3stata"},"content":{"rendered":"","protected":false},"excerpt":{"rendered":"<p><strong>Coj\u00edn c\u00f3modo y de alta calidad. <\/strong><\/p>\n<p><strong>Medidas: 44x35x7 <\/strong><\/p>\n<p><strong>Sirve para alzarte un poco y para conducir con una mayor comodidad. Gracias a su forma especial tambi\u00e9n sirve para prevenir la pr\u00f3stata. <\/strong><\/p>\n","protected":false},"featured_media":6363,"comment_status":"open","ping_status":"closed","template":"","meta":[],"product_cat":[1591,725],"product_tag":[],"class_list":{"0":"post-6364","1":"product","2":"type-product","3":"status-publish","4":"has-post-thumbnail","6":"product_cat-cojines","7":"product_cat-auto-materiales-para-tapizar-coches","9":"first","10":"instock","11":"taxable","12":"shipping-taxable","13":"purchasable","14":"product-type-simple"},"jetpack_sharing_enabled":true,"_links":{"self":[{"href":"https:\/\/ofertalux.com\/empresa\/wp-json\/wp\/v2\/product\/6364","targetHints":{"allow":["GET"]}}],"collection":[{"href":"https:\/\/ofertalux.com\/empresa\/wp-json\/wp\/v2\/product"}],"about":[{"href":"https:\/\/ofertalux.com\/empresa\/wp-json\/wp\/v2\/types\/product"}],"replies":[{"embeddable":true,"href":"https:\/\/ofertalux.com\/empresa\/wp-json\/wp\/v2\/comments?post=6364"}],"wp:featuredmedia":[{"embeddable":true,"href":"https:\/\/ofertalux.com\/empresa\/wp-json\/wp\/v2\/media\/6363"}],"wp:attachment":[{"href":"https:\/\/ofertalux.com\/empresa\/wp-json\/wp\/v2\/media?parent=6364"}],"wp:term":[{"taxonomy":"product_cat","embeddable":true,"href":"https:\/\/ofertalux.com\/empresa\/wp-json\/wp\/v2\/product_cat?post=6364"},{"taxonomy":"product_tag","embeddable":true,"href":"https:\/\/ofertalux.com\/empresa\/wp-json\/wp\/v2\/product_tag?post=6364"}],"curies":[{"name":"wp","href":"https:\/\/api.w.org\/{rel}","templated":true}]}}