{"id":6214,"date":"2025-12-18T12:57:18","date_gmt":"2025-12-18T12:57:18","guid":{"rendered":"https:\/\/ofertalux.com\/empresa\/?post_type=product&#038;p=6214"},"modified":"2025-12-18T18:28:33","modified_gmt":"2025-12-18T18:28:33","slug":"tela-para-bajantes-y-techo-solar-del-coche-foam-1mmcharmes-color-antracita-lx8","status":"publish","type":"product","link":"https:\/\/ofertalux.com\/empresa\/producto\/tela-para-bajantes-y-techo-solar-del-coche-foam-1mmcharmes-color-antracita-lx8\/","title":{"rendered":"Tela para BAJANTES y TECHO SOLAR del coche\/Foam 1mm+charm\u00e9s\/Color ANTRACITA LX8"},"content":{"rendered":"<p>Venta de tela Especial para tapizar PILARES y TECHOS SOLARES de coches. Tiene foam de 1mm+ Charm\u00e9s. Es BIELASTICO y es muy f\u00e1cil trabajar con el. Un material de primera calidad para un resultado optimo.<\/p>\n<p><em><span style=\"color: #0a5205;\"><span style=\"color: #008000;\"><b>TENEMOS LOS MISMOS COLORES TAMBI\u00c9N CON FOAM DE 3mm. Ese es el que se utiliza para techos normales.\u00a0<\/b><\/span><\/span><\/em><br \/>\n<span style=\"color: #000080;\"><b>Si lo pides este color se env\u00eda en un maximo de 2 dias laborables<\/b><\/span><\/p>\n<p>Minimo de compra 1 metro lineal.<br \/>\nDetalles: <span style=\"color: #008000;\">Ancho de la tela<\/span>: 140cm APROX<\/p>\n<p><strong><span style=\"color: #008000;\">Si tienes dudas mide tu techo o pilares y pregunta antes de comprar<\/span>.<\/strong><\/p>\n<p><span style=\"color: #800080;\"><strong>NO SE ACEPTAN DEVOLUCIONES PORQUE SE TRATA DE TELA AL CORTE<\/strong>.<\/span><\/p>\n<p>La tela especial para coche tiene foam de 1mm+ charm\u00e9s BIELASTICO por lo que facilita el tapizado e impide que se manche la tela con la cola de contacto. La tela es flexible y estira hacia los 2 lados (bielastico). Tapizar tu techo de coche ser\u00e1 mas f\u00e1cil que nunca porque podr\u00e1s darle las formas necesarias con un acabado profesional. <strong><span style=\"color: #ff0000;\">ATENCI\u00d3N!!! El tono del color puede verse diferente debido a la c\u00e1mara de fotos.<\/span><\/strong><\/p>\n","protected":false},"excerpt":{"rendered":"<p>Color ANTRACITA (LX8) Si necesitas tambien para techo normal entra en COLORES HABITUALES y selecciona LX8.<\/p>\n<p><span style=\"color: #000080;\"><b>Si lo pides este color se env\u00eda en un maximo de 2 dias laborables<\/b><\/span><\/p>\n<p>Minimo de compra 1 metro lineal.<br \/>\nDetalles: <span style=\"color: #008000;\">Ancho de la tela<\/span>: 140cm APROX<\/p>\n<p>Venta de tela Especial para tapizar PILARES y TECHOS SOLARES de coches. Tiene foam de 1mm+ Charmes. Es BIELASTICO y es muy f\u00e1cil trabajar con el. Un material de primera calidad para un resultado optimo.<\/p>\n<p><em><span style=\"color: #0a5205;\"><span style=\"color: #008000;\"><b>TENEMOS LOS MISMOS COLORES TAMBI\u00c9N CON FOAM DE 3mm. Ese es el que se utiliza para techos normales.\u00a0<\/b><\/span><\/span><\/em><br \/>\n<strong><span style=\"color: #ff0000;\">SABIAS QUE TENEMOS DESCUENTO POR CANTIDAD?<\/span> <span style=\"color: #3366ff;\">AGREGA 10 METROS AL CARRITO Y CONSIGUE UN 10% DE DESCUENTO EN TU COMPRA!<\/span><\/strong><\/p>\n<p>&nbsp;<\/p>\n","protected":false},"featured_media":4208,"comment_status":"open","ping_status":"closed","template":"","meta":[],"product_cat":[725],"product_tag":[1205,1232,1240,1241,1239,1238,1233,1231,1235,1234,1237,1236,1194,1107,1230],"class_list":{"0":"post-6214","1":"product","2":"type-product","3":"status-publish","4":"has-post-thumbnail","6":"product_brand-tapizados-luxor","7":"product_cat-auto-materiales-para-tapizar-coches","8":"product_tag-ofertalux","9":"product_tag-pilares-de-coche","10":"product_tag-tapizar-bajantes-de-coche","11":"product_tag-tapizar-pilares-del-coche","12":"product_tag-tapizar-techos-solar","13":"product_tag-techo-solar","14":"product_tag-tela-para-bajantes-de-coche","15":"product_tag-tela-para-pilares-de-coche","16":"product_tag-tela-para-tapizar-bajantes","17":"product_tag-tela-para-tapizar-bajantes-de-coche","18":"product_tag-tela-para-tapizar-bandejas-de-techo-solar","19":"product_tag-tela-para-tapizar-pilares","20":"product_tag-tela-para-tapizar-puertas-de-coche","21":"product_tag-tela-para-tapizar-techos-de-coche","22":"product_tag-tela-para-techo-sola","23":"product_shipping_class-ofertalux","25":"first","26":"instock","27":"sale","28":"taxable","29":"shipping-taxable","30":"purchasable","31":"product-type-simple"},"jetpack_sharing_enabled":true,"_links":{"self":[{"href":"https:\/\/ofertalux.com\/empresa\/wp-json\/wp\/v2\/product\/6214","targetHints":{"allow":["GET"]}}],"collection":[{"href":"https:\/\/ofertalux.com\/empresa\/wp-json\/wp\/v2\/product"}],"about":[{"href":"https:\/\/ofertalux.com\/empresa\/wp-json\/wp\/v2\/types\/product"}],"replies":[{"embeddable":true,"href":"https:\/\/ofertalux.com\/empresa\/wp-json\/wp\/v2\/comments?post=6214"}],"wp:featuredmedia":[{"embeddable":true,"href":"https:\/\/ofertalux.com\/empresa\/wp-json\/wp\/v2\/media\/4208"}],"wp:attachment":[{"href":"https:\/\/ofertalux.com\/empresa\/wp-json\/wp\/v2\/media?parent=6214"}],"wp:term":[{"taxonomy":"product_cat","embeddable":true,"href":"https:\/\/ofertalux.com\/empresa\/wp-json\/wp\/v2\/product_cat?post=6214"},{"taxonomy":"product_tag","embeddable":true,"href":"https:\/\/ofertalux.com\/empresa\/wp-json\/wp\/v2\/product_tag?post=6214"}],"curies":[{"name":"wp","href":"https:\/\/api.w.org\/{rel}","templated":true}]}}