{"id":6161,"date":"2025-12-03T22:26:45","date_gmt":"2025-12-03T22:26:45","guid":{"rendered":"https:\/\/ofertalux.com\/empresa\/?post_type=product&#038;p=6161"},"modified":"2025-12-03T22:27:37","modified_gmt":"2025-12-03T22:27:37","slug":"colchon-para-cuna-110cm-x-60cm-x-5cm-espuma-suavefunda-tnt-de-regalo","status":"publish","type":"product","link":"https:\/\/ofertalux.com\/empresa\/producto\/colchon-para-cuna-110cm-x-60cm-x-5cm-espuma-suavefunda-tnt-de-regalo\/","title":{"rendered":"Colchon para CUNA\/ (110cm x 60cm x 5cm \/Espuma SUAVE)+Funda TNT de Regalo"},"content":{"rendered":"<p>Colch\u00f3n de espuma de alta suavidad 20KD especial para cuna, parque o cuna de viaje. Es blandito y si lo quiere ajustar mas puede pedirnos alguna medida especial y nosotros se lo cortamos. Tambi\u00e9n puede cortarlo usted con un cuchillo o cutter. El descanso de su beb\u00e9 es importante y el suyo tambi\u00e9n. Debe saber que se trata de un producto al corte que nosotros cortamos en el momento que usted nos hace el pedido. Por lo tanto NO SE ADMITEN DEVOLUCIONES de PRODUCTOS AL CORTE. Una vez que usted ha hecho el pedido y se env\u00eda NO SE PUEDE DEVOLVER. Aseg\u00farese bien de las medidas y en el caso de que tenga dudas o necesite alguna medida especial llame por tel\u00e9fono al 618656689 . Si necesita fundas a medida puede solicitarlo por tel\u00e9fono.<\/p>\n","protected":false},"excerpt":{"rendered":"<p><strong><span style=\"color: #ff0000;\">Colch\u00f3n para cuna: 110cm x 60cm x 5cm Blanda y Suave +FUNDA TNT antibacteriano de REGALO.<\/span><\/strong><\/p>\n<p>Es una funda muy fina que proteje el colchon. Encima de esa funda usted tiene que ponerle otra qu tenga en casa.<\/p>\n<p>Dejen una nota en el pedido si quiere funda de color ROSA PALO, Blanco o Gris Ceniza.<\/p>\n<p><strong><span style=\"color: #ff0000;\">ATENCION! La foto del anuncio no muestra el grosor real del colchon. 5cm se ve mas delgado que en la foto.<\/span><\/strong><\/p>\n","protected":false},"featured_media":5977,"comment_status":"open","ping_status":"closed","template":"","meta":[],"product_cat":[1064,944,961],"product_tag":[1077,1075,1085,1067,1071,1069,1074,1065,1068,1084,1072,1066,1079,1073,1081,1070,1076,1078,1082,1083,1080],"class_list":{"0":"post-6161","1":"product","2":"type-product","3":"status-publish","4":"has-post-thumbnail","6":"product_brand-tapizados-luxor","7":"product_cat-colchones-para-cuna","8":"product_cat-gomaespuma-esponjas","9":"product_cat-gomaespuma-20kd","10":"product_tag-colchon-a-medida","11":"product_tag-colchon-de-descanso","12":"product_tag-colchon-de-esponja","13":"product_tag-colchon-de-espuma","14":"product_tag-colchon-finito-para-cuna","15":"product_tag-colchon-para-bebes","16":"product_tag-colchon-para-bebes-recien-nacidos","17":"product_tag-colchon-para-cuna","18":"product_tag-colchon-para-cuna-de-viaje","19":"product_tag-colchon-para-minicunas","20":"product_tag-colchon-para-parque","21":"product_tag-colchones-cuna","22":"product_tag-colchones-para-ninos","23":"product_tag-cuna","24":"product_tag-cunas-de-viaje","25":"product_tag-el-mejor-colchon-para-cuna","26":"product_tag-espuma-a-medida","27":"product_tag-medidas-de-colchones","28":"product_tag-mini-cunas","29":"product_tag-minicunas","30":"product_tag-parques-y-cunas","31":"product_shipping_class-ofertalux","33":"first","34":"instock","35":"taxable","36":"shipping-taxable","37":"purchasable","38":"product-type-simple"},"jetpack_sharing_enabled":true,"_links":{"self":[{"href":"https:\/\/ofertalux.com\/empresa\/wp-json\/wp\/v2\/product\/6161","targetHints":{"allow":["GET"]}}],"collection":[{"href":"https:\/\/ofertalux.com\/empresa\/wp-json\/wp\/v2\/product"}],"about":[{"href":"https:\/\/ofertalux.com\/empresa\/wp-json\/wp\/v2\/types\/product"}],"replies":[{"embeddable":true,"href":"https:\/\/ofertalux.com\/empresa\/wp-json\/wp\/v2\/comments?post=6161"}],"wp:featuredmedia":[{"embeddable":true,"href":"https:\/\/ofertalux.com\/empresa\/wp-json\/wp\/v2\/media\/5977"}],"wp:attachment":[{"href":"https:\/\/ofertalux.com\/empresa\/wp-json\/wp\/v2\/media?parent=6161"}],"wp:term":[{"taxonomy":"product_cat","embeddable":true,"href":"https:\/\/ofertalux.com\/empresa\/wp-json\/wp\/v2\/product_cat?post=6161"},{"taxonomy":"product_tag","embeddable":true,"href":"https:\/\/ofertalux.com\/empresa\/wp-json\/wp\/v2\/product_tag?post=6161"}],"curies":[{"name":"wp","href":"https:\/\/api.w.org\/{rel}","templated":true}]}}