{"id":6147,"date":"2025-12-02T13:18:12","date_gmt":"2025-12-02T13:18:12","guid":{"rendered":"https:\/\/ofertalux.com\/empresa\/?post_type=product&#038;p=6147"},"modified":"2025-12-04T20:02:07","modified_gmt":"2025-12-04T20:02:07","slug":"tela-para-asientos-de-coche-grafeno-9888-con-espuma-de-4mm","status":"publish","type":"product","link":"https:\/\/ofertalux.com\/empresa\/producto\/tela-para-asientos-de-coche-grafeno-9888-con-espuma-de-4mm\/","title":{"rendered":"Tela para asientos de coche GRAFENO 9888 (Con espuma de 4mm)"},"content":{"rendered":"","protected":false},"excerpt":{"rendered":"<h5 class=\"c-producto__doble\">ANCHO\u00a0<span class=\"c-producto__simple\">1600MM\/ <\/span>GRAMAJE\u00a0<span class=\"c-producto__simple\">350G\/ Tejido con espuma (Grueso acabado 5mm)<\/span><\/h5>\n<h5 class=\"c-producto__titular\">DESCRIPCI\u00d3N: Se trata de un tejido de alta calidad especial para tapizar asientos de coches (entre otras cosas).<\/h5>\n<h5 class=\"c-producto__parrafo\">Tejido de Jacquard de poli\u00e9ster de alta resistencia (250 Deniers) con dise\u00f1o UNI de aspecto liso, especialmente dise\u00f1ado para asientos de coches. Laminado con espuma de poli\u00e9ster (28kg, 4mm de espesor)<\/h5>\n<h5>Tejido normalmente bajo pedido. Cuando el stock marca 0 significa que tiene permitido comprar pero su pedido puede tardar una media de 10-15 dias laborables.<\/h5>\n","protected":false},"featured_media":6151,"comment_status":"open","ping_status":"closed","template":"","meta":[],"product_cat":[725,482],"product_tag":[1787,1788,1791,1790,1789],"class_list":{"0":"post-6147","1":"product","2":"type-product","3":"status-publish","4":"has-post-thumbnail","6":"product_brand-tapizados-luxor","7":"product_cat-auto-materiales-para-tapizar-coches","8":"product_cat-sin-categoria","9":"product_tag-jacquard-uni","10":"product_tag-jacquard-uni-9888","11":"product_tag-tela-para-asientos-de-coche","12":"product_tag-tela-para-tapizar-asientos-de-coche","13":"product_tag-uni-9888","15":"first","16":"onbackorder","17":"taxable","18":"shipping-taxable","19":"purchasable","20":"product-type-simple"},"jetpack_sharing_enabled":true,"_links":{"self":[{"href":"https:\/\/ofertalux.com\/empresa\/wp-json\/wp\/v2\/product\/6147","targetHints":{"allow":["GET"]}}],"collection":[{"href":"https:\/\/ofertalux.com\/empresa\/wp-json\/wp\/v2\/product"}],"about":[{"href":"https:\/\/ofertalux.com\/empresa\/wp-json\/wp\/v2\/types\/product"}],"replies":[{"embeddable":true,"href":"https:\/\/ofertalux.com\/empresa\/wp-json\/wp\/v2\/comments?post=6147"}],"wp:featuredmedia":[{"embeddable":true,"href":"https:\/\/ofertalux.com\/empresa\/wp-json\/wp\/v2\/media\/6151"}],"wp:attachment":[{"href":"https:\/\/ofertalux.com\/empresa\/wp-json\/wp\/v2\/media?parent=6147"}],"wp:term":[{"taxonomy":"product_cat","embeddable":true,"href":"https:\/\/ofertalux.com\/empresa\/wp-json\/wp\/v2\/product_cat?post=6147"},{"taxonomy":"product_tag","embeddable":true,"href":"https:\/\/ofertalux.com\/empresa\/wp-json\/wp\/v2\/product_tag?post=6147"}],"curies":[{"name":"wp","href":"https:\/\/api.w.org\/{rel}","templated":true}]}}