{"id":601,"date":"2017-08-26T20:25:21","date_gmt":"2017-08-26T20:25:21","guid":{"rendered":"https:\/\/ofertalux.com\/empresa\/?post_type=product&#038;p=601"},"modified":"2025-10-17T21:47:20","modified_gmt":"2025-10-17T21:47:20","slug":"forrotejido-tst-o-tnt-por-metro","status":"publish","type":"product","link":"https:\/\/ofertalux.com\/empresa\/producto\/forrotejido-tst-o-tnt-por-metro\/","title":{"rendered":"Tejido TST o TNT 80 Ancho (Tejido sin Tejer de 70gramos)Venta por metros"},"content":{"rendered":"<p><strong>Tejido TST tambi\u00e9n llamado TNT. Es de 70 gr de grosor (mucho mas resistente que los que se venden por ahi). Es utilizado para recubrimiento de los bajos, sof\u00e1s, sillas, canap\u00e9s, enfundado de las almohadas y tambi\u00e9n para hacer mascarillas.<\/strong><\/p>\n<p><strong>El ancho tiene 80. Usted puede comprar los metros que quiera comprendiendo que si usted selecciona 1 unidad significa que quiere comprar 1 metro. Si selecciona 2 unidades=2 metros y etc&#8230;. No hay minimo de compra.<\/strong><\/p>\n<p><strong>El TST o TNT es un tejido si tejer que es una excelente barrera antibacteriana. En diferentes gramajes y colores se utiliza para la confecci\u00f3n de productos desechables sanitarios.Se utiliza para la confecci\u00f3n de mascarillas para protegerse del Coronavirus.<\/strong><\/p>\n<p><strong>Disponible en color negro.<\/strong><\/p>\n","protected":false},"excerpt":{"rendered":"<p>Venta por metros. Tejido de 70Gr de grosor. Anchura 90cm<\/p>\n<p>1 unidad= incluye 1 metro. Color NEGRO.<\/p>\n<p>Disponible hasta fin de existencias.No podremos reponer porque todas las f\u00e1bricas est\u00e1n cerradas.<\/p>\n<p>LAS PIEZAS EST\u00c1 CORTADAS A 1 METRO CADA UNA. EJEMPLO: PARA 5 UNIDADES VENDR\u00c1N 5 PIEZAS CORTADAS A 1METRO<\/p>\n","protected":false},"featured_media":2564,"comment_status":"open","ping_status":"closed","template":"","meta":[],"product_cat":[818,21,22],"product_tag":[806,183,185,171,174,178,173,172,808,177,809,176,175,810,807,184,170,182,180,169,181,179],"class_list":{"0":"post-601","1":"product","2":"type-product","3":"status-publish","4":"has-post-thumbnail","6":"product_cat-tnt-tejido-sin-tejer","7":"product_cat-costura-y-tapiceria","8":"product_cat-telas","9":"product_tag-coronavirus","10":"product_tag-fabrica-de-telas","11":"product_tag-fabrica-tnt","12":"product_tag-forro","13":"product_tag-forro-negro","14":"product_tag-forro-para-almoadas","15":"product_tag-forro-para-bajos-de-canapes","16":"product_tag-forro-para-sofas","17":"product_tag-mascarillas-coronavirus","18":"product_tag-tejido-para-enfundar-las-almoadas","19":"product_tag-tejido-sanitario","20":"product_tag-tejido-tnt","21":"product_tag-tejido-tst","22":"product_tag-tela-antbacteriana","23":"product_tag-tela-para-hacer-mascarillas","24":"product_tag-tela-tst","25":"product_tag-tnt","26":"product_tag-tnt-barato","27":"product_tag-tnt-negro","28":"product_tag-tst","29":"product_tag-tst-barato","30":"product_tag-tst-negro","31":"product_shipping_class-ofertalux","33":"first","34":"instock","35":"taxable","36":"shipping-taxable","37":"purchasable","38":"product-type-simple"},"jetpack_sharing_enabled":true,"_links":{"self":[{"href":"https:\/\/ofertalux.com\/empresa\/wp-json\/wp\/v2\/product\/601","targetHints":{"allow":["GET"]}}],"collection":[{"href":"https:\/\/ofertalux.com\/empresa\/wp-json\/wp\/v2\/product"}],"about":[{"href":"https:\/\/ofertalux.com\/empresa\/wp-json\/wp\/v2\/types\/product"}],"replies":[{"embeddable":true,"href":"https:\/\/ofertalux.com\/empresa\/wp-json\/wp\/v2\/comments?post=601"}],"wp:featuredmedia":[{"embeddable":true,"href":"https:\/\/ofertalux.com\/empresa\/wp-json\/wp\/v2\/media\/2564"}],"wp:attachment":[{"href":"https:\/\/ofertalux.com\/empresa\/wp-json\/wp\/v2\/media?parent=601"}],"wp:term":[{"taxonomy":"product_cat","embeddable":true,"href":"https:\/\/ofertalux.com\/empresa\/wp-json\/wp\/v2\/product_cat?post=601"},{"taxonomy":"product_tag","embeddable":true,"href":"https:\/\/ofertalux.com\/empresa\/wp-json\/wp\/v2\/product_tag?post=601"}],"curies":[{"name":"wp","href":"https:\/\/api.w.org\/{rel}","templated":true}]}}