{"id":6001,"date":"2025-10-26T21:13:56","date_gmt":"2025-10-26T21:13:56","guid":{"rendered":"https:\/\/ofertalux.com\/empresa\/?post_type=product&#038;p=6001"},"modified":"2026-04-24T20:22:56","modified_gmt":"2026-04-24T20:22:56","slug":"tela-con-espuma-de-3mm-y-charmes-bielastico-para-techos-de-coche","status":"publish","type":"product","link":"https:\/\/ofertalux.com\/empresa\/producto\/tela-con-espuma-de-3mm-y-charmes-bielastico-para-techos-de-coche\/","title":{"rendered":"COLORES ESPECIALES\/ Tela con espuma de 3mm y Charm\u00e9s Bielastico\/ Para techos de coche"},"content":{"rendered":"<p><em><strong>Venta de tela especial para tapizar techos de coche.<\/strong><\/em><\/p>\n<p><em><strong><span style=\"color: #ff0000;\">La tela es flexible, estirable, tiene foam de 3mm y charm\u00e9s (una telita fina que cubre el foam\/la espuma).\u00a0<\/span><\/strong><\/em><\/p>\n<p><strong><em><span style=\"color: #339966;\">Para que sirve el CHARM\u00c9S?<\/span><\/em><\/strong><\/p>\n<p>Sirve para poder corregir en un momento dado el tapizado. Es decir: Si lo has pegado mal y necesitas despegarlo y corregir(siempre y cuando no haya secado el adhesivo). Cubre la gomaespuma para impedir que se arranque o se rompa al despegar la tela para realizar la correcci\u00f3n.<\/p>\n<p><strong>Venta por metros.<\/strong><br \/>\n<span style=\"color: #000080;\"><span style=\"color: #000080;\"><b>La tela CON CHARM\u00c9S env\u00eda en un plazo de 7-8 d\u00edas laborables porque son colores bajo pedido que no son habituales de los que tenemos.<\/b><\/span><\/span><\/p>\n<p><strong><span style=\"color: #ff0000;\">VENTA POR METROS pero minimo 3 metros<\/span>: <span style=\"color: #800000;\">Si usted pide 3 metros del Color que sea=recibir\u00e1 3 metro de tela con ancho que tiene (150cm Ancho aprox)<\/span> . <span style=\"color: #ff6600;\">Si usted pide 4 metros del Color que sea=recibir\u00e1 4 metros de tela (sin cortar) con el ancho de 150cm aprox.<\/span>\u00a0<\/strong><\/p>\n<p><span style=\"color: #800080;\"><strong>NO SE ACEPTAN DEVOLUCIONES PORQUE SE TRATA DE TELA AL CORTE<\/strong>.<\/span><\/p>\n<p>La tela especial para coche tiene foam de 3mm por lo que facilita el tapizado e impide que se manche la tela con la cola de contacto. La tela es flexible y estira . Tapizar tu techo de coche ser\u00e1 mas f\u00e1cil que nunca porque podr\u00e1s darle las formas necesarias con un acabado profesional. <strong><span style=\"color: #ff0000;\">ATENCI\u00d3N!!! El tono del color puede verse diferente debido a la c\u00e1mara de fotos.<\/span><\/strong><\/p>\n","protected":false},"excerpt":{"rendered":"<p><em><strong>Venta de tela especial para tapizar techos de coche.<\/strong><\/em><br \/>\n<span style=\"color: #008080;\"><b style=\"color: #008080;\">COMPRA MINIMA: 3 Metros porque se trata de colores especiales y las fabricas no nos sirven menos cantidad\/ <\/b><span style=\"color: #008080;\"><b>A partir<\/b><\/span><b style=\"color: #008080;\"> de 3 metros puedes seleccionar la cantidad que quieras de 1 metro en un metro (desde la casilla de la cantidad y luego le das a agregar al carrito)\u00a0<\/b><\/span><\/p>\n<p><span style=\"color: #008080;\"><span style=\"color: #008080;\"><b>Tambi\u00e9n<\/b><\/span><b style=\"color: #008080;\"> puede hacerlo desde el carrito de compra cambiando la cantidad y actualizando carrito. Si quieres Pegamento pon en el buscador pegamento o cola y te aparecen todas las opciones.<\/b><\/span><br \/>\n<strong>La tela es flexible, estirable, tiene foam de 3mm y charm\u00e9s (una telita fina que cubre el foam\/la espuma).<\/strong><br \/>\nDetalles: <strong><span style=\"color: #008000;\">Ancho de la tela<\/span>: 150cm aprox<\/strong><\/p>\n<p><strong><span style=\"color: #ff0000;\">SABIAS QUE TENEMOS DESCUENTO POR CANTIDAD?<\/span> <span style=\"color: #3366ff;\">AGREGA 6 METROS AL CARRITO Y CONSIGUE UN 10% DE DESCUENTO EN TU COMPRA!<\/span><\/strong><\/p>\n<p><strong><span style=\"color: #3366ff;\">Se env\u00eda en m\u00e1ximo de 7-8 d\u00edas laborables porque son colores especiales BAJO PEDIDO<\/span><\/strong>. No son los colores habituales que tenemos en stock. Si le urge y no puede esperar entre en este enlace para ver los colores que podemos enviar de inmediato: <strong><span style=\"color: #ff0000;\">https:\/\/ofertalux.com\/empresa\/producto\/tela-especial-para-tapizar-techos-de-coche-flexible-con-foam-y-charmes\/<\/span><\/strong><\/p>\n","protected":false},"featured_media":4203,"comment_status":"open","ping_status":"closed","template":"","meta":[],"product_cat":[725],"product_tag":[1198,1202,1203,1201,1770,1769,1838,1826,1205,1836,1837,1204,1035,1825,1861,1844,885,1200,1197,1819,1863,1846,1831,1839,1854,1871,1818,1862,1845,1834,1853,1870,1192,1119,1848,1865,1823,1847,1864,1832,1828,1868,1860,1843,1851,1822,1833,1195,1829,1849,1866,1830,1856,1873,1121,1840,1147,1824,1048,1194,1196,1207,1821,1855,1872,1109,1193,1206,1867,1850,1827,1820,1858,1841,1869,1852,1842,1859,1874,1857,1835,1199],"class_list":{"0":"post-6001","1":"product","2":"type-product","3":"status-publish","4":"has-post-thumbnail","6":"product_brand-tapizados-luxor","7":"product_cat-auto-materiales-para-tapizar-coches","8":"product_tag-como-tapizar-techos-de-coche","9":"product_tag-comprar-tela-para-techos","10":"product_tag-comprar-tela-para-techos-por-rollos","11":"product_tag-fabricas-de-telas-para-techos","12":"product_tag-la-pinza-camper","13":"product_tag-la-pinza-campers","14":"product_tag-material-para-detailing-coche","15":"product_tag-material-tapizado-coche","16":"product_tag-ofertalux","17":"product_tag-repuesto-tapiceria-coche","18":"product_tag-restauracion-interior-coche","19":"product_tag-rollos-de-tela-para-techos","20":"product_tag-tapiceria-auto","21":"product_tag-tapiceria-automotriz","22":"product_tag-tapizado-para-dacia","23":"product_tag-tapizado-para-volkswagen","24":"product_tag-tapizados-luxor","25":"product_tag-techos-auto","26":"product_tag-techos-de-coche","27":"product_tag-tejido-para-coche","28":"product_tag-tejido-para-mitsubishi","29":"product_tag-tejido-para-renault","30":"product_tag-tejido-tecnico-automocion","31":"product_tag-tela-adhesiva-automotriz","32":"product_tag-tela-automocion-kia","33":"product_tag-tela-automocion-smart","34":"product_tag-tela-automotriz","35":"product_tag-tela-automotriz-chevrolet","36":"product_tag-tela-automotriz-seat","37":"product_tag-tela-beige-coche","38":"product_tag-tela-coche-hyundai","39":"product_tag-tela-coche-mini","40":"product_tag-tela-con-charmes","41":"product_tag-tela-con-espuma","42":"product_tag-tela-con-espuma-citroen","43":"product_tag-tela-con-espuma-suzuki","44":"product_tag-tela-foamizada","45":"product_tag-tela-foamizada-peugeot","46":"product_tag-tela-foamizada-subaru","47":"product_tag-tela-gris-coche","48":"product_tag-tela-ignifuga-automocion","49":"product_tag-tela-interior-jaguar","50":"product_tag-tela-interior-jeep","51":"product_tag-tela-interior-mercedes-benz","52":"product_tag-tela-interior-toyota","53":"product_tag-tela-interior-vehiculo","54":"product_tag-tela-negra-coche","55":"product_tag-tela-para-bajntes-de-coche","56":"product_tag-tela-para-cielo-de-coche","57":"product_tag-tela-para-cielo-de-ford","58":"product_tag-tela-para-cielo-de-lexus","59":"product_tag-tela-para-paneles-de-puerta","60":"product_tag-tela-para-paneles-mazda","61":"product_tag-tela-para-paneles-saab","62":"product_tag-tela-para-puertas-de-coche","63":"product_tag-tela-para-renovar-techo-coche","64":"product_tag-tela-para-tapiceria","65":"product_tag-tela-para-tapizado-interior","66":"product_tag-tela-para-tapizar-coche","67":"product_tag-tela-para-tapizar-puertas-de-coche","68":"product_tag-tela-para-tapizar-techo-del-coche","69":"product_tag-tela-para-tecgos-de-coche-andalucia","70":"product_tag-tela-para-techo-de-coche","71":"product_tag-tela-para-techo-honda","72":"product_tag-tela-para-techo-porsche","73":"product_tag-tela-para-techos","74":"product_tag-tela-para-techos-de-coche","75":"product_tag-tela-para-techos-de-coche-almeria","76":"product_tag-tela-puertas-infiniti","77":"product_tag-tela-puertas-opel","78":"product_tag-tela-resistente-calor-coche","79":"product_tag-tela-tapiceria-coche","80":"product_tag-tela-tapiceria-coche-alfa-romeo","81":"product_tag-tela-tapiceria-coche-bmw","82":"product_tag-tela-tapizado-land-rover","83":"product_tag-tela-tapizado-nissan","84":"product_tag-tela-techo-coche-audi","85":"product_tag-tela-techo-coche-fiat","86":"product_tag-tela-universal-compatible-chrysler","87":"product_tag-tela-universal-compatible-skoda","88":"product_tag-tela-universal-tapizado","89":"product_tag-tutoriales-techos-auto","90":"product_shipping_class-ofertalux","92":"first","93":"onbackorder","94":"taxable","95":"shipping-taxable","96":"purchasable","97":"product-type-variable"},"jetpack_sharing_enabled":true,"_links":{"self":[{"href":"https:\/\/ofertalux.com\/empresa\/wp-json\/wp\/v2\/product\/6001","targetHints":{"allow":["GET"]}}],"collection":[{"href":"https:\/\/ofertalux.com\/empresa\/wp-json\/wp\/v2\/product"}],"about":[{"href":"https:\/\/ofertalux.com\/empresa\/wp-json\/wp\/v2\/types\/product"}],"replies":[{"embeddable":true,"href":"https:\/\/ofertalux.com\/empresa\/wp-json\/wp\/v2\/comments?post=6001"}],"wp:featuredmedia":[{"embeddable":true,"href":"https:\/\/ofertalux.com\/empresa\/wp-json\/wp\/v2\/media\/4203"}],"wp:attachment":[{"href":"https:\/\/ofertalux.com\/empresa\/wp-json\/wp\/v2\/media?parent=6001"}],"wp:term":[{"taxonomy":"product_cat","embeddable":true,"href":"https:\/\/ofertalux.com\/empresa\/wp-json\/wp\/v2\/product_cat?post=6001"},{"taxonomy":"product_tag","embeddable":true,"href":"https:\/\/ofertalux.com\/empresa\/wp-json\/wp\/v2\/product_tag?post=6001"}],"curies":[{"name":"wp","href":"https:\/\/api.w.org\/{rel}","templated":true}]}}