{"id":5455,"date":"2024-08-30T16:40:39","date_gmt":"2024-08-30T16:40:39","guid":{"rendered":"https:\/\/ofertalux.com\/empresa\/?post_type=product&#038;p=5455"},"modified":"2026-02-24T19:57:41","modified_gmt":"2026-02-24T19:57:41","slug":"pieza-retal-metros-x-140cm-color-lx31-material-con-espuma-de-1mmcharmes-especial-para-pilarestecho-solar-y-puertas-de-coche","status":"publish","type":"product","link":"https:\/\/ofertalux.com\/empresa\/producto\/pieza-retal-metros-x-140cm-color-lx31-material-con-espuma-de-1mmcharmes-especial-para-pilarestecho-solar-y-puertas-de-coche\/","title":{"rendered":"PIEZA RET\u00c1L 2 Metros x 140cm\/ Color LX31 (Material con Espuma de 1mm+Charm\u00e9s\/ Especial para PILARES,techo SOLAR y puertas de coche)"},"content":{"rendered":"<p>La tela especial para coche tiene foam de 1mm+Charm\u00e9s Biel\u00e1stico por lo que facilita el tapizado e impide que se manche la tela con la cola de contacto. La tela es flexible y estira. Tapizar tu techo de coche ser\u00e1 mas f\u00e1cil que nunca porque podr\u00e1s darle las formas necesarias con un acabado profesional.<\/p>\n<p><strong><span style=\"color: #ff0000;\">ATENCI\u00d3N!!! El tono del color puede verse diferente debido a la c\u00e1mara de fotos.<\/span><\/strong><\/p>\n","protected":false},"excerpt":{"rendered":"<p><strong>ATENCI\u00d3N! Se trata de un color LX31 . Tiene espuma de 1mm + charmes\u00a0 (la telita esa fina que cubre la espuma. Es material estirable y flexible. Es especial para PILARES, TECHO SOLAR Y PUERTAS DE COCHE.<\/strong><\/p>\n<p><strong>Se trata de un retal\/Pieza y por eso el precio es mas bajo. <span style=\"color: #ff0000;\">Tiene marcas amarillentas por la parte del rev\u00e9s pero no se transparenta y no afecta al tapizado de ninguna forma. Una vez tapizado eso no se ve de ninguna manera.<\/span><\/strong><\/p>\n<p><strong><span style=\"color: #ff0000;\"><em>Mide tu techo antes de comprar porque no se aceptan devoluciones.<\/em><\/span><br \/>\n<span style=\"color: #3366ff;\">Nuestros pedidos se env\u00edan normalmente en un plazo de 2-3 d\u00edas laborables.<\/span><span style=\"color: #3366ff;\">\u00a0<\/span><\/strong><\/p>\n","protected":false},"featured_media":4222,"comment_status":"open","ping_status":"closed","template":"","meta":[],"product_cat":[1355,482,725],"product_tag":[1113,1106,1108,1105,1501,1500,1114,1035,1112,1111,1117,1119,1118,1116,1120,1110,1115,1121,1107,1109],"class_list":{"0":"post-5455","1":"product","2":"type-product","3":"status-publish","4":"has-post-thumbnail","6":"product_cat-retales-low-cost-automocion","7":"product_cat-sin-categoria","8":"product_cat-auto-materiales-para-tapizar-coches","9":"product_tag-automocion","10":"product_tag-kit-para-tapizar-techos-de-coche","11":"product_tag-pack-para-tapizar-techos","12":"product_tag-pack-para-tapizar-techos-de-coche","13":"product_tag-retal-para-techos-de-coche","14":"product_tag-retales-para-coche","15":"product_tag-tapiceia-automocion","16":"product_tag-tapiceria-auto","17":"product_tag-tapiceria-techos-auto","18":"product_tag-tapizar-techos-de-coche","19":"product_tag-tela-con-esponjita-para-techos-de-coche","20":"product_tag-tela-con-espuma","21":"product_tag-tela-con-espuma-para-techos","22":"product_tag-tela-con-foam-para-techos-de-coche","23":"product_tag-tela-foamizada-para-techos-de-coche","24":"product_tag-tela-para-auto","25":"product_tag-tela-para-automocion","26":"product_tag-tela-para-puertas-de-coche","27":"product_tag-tela-para-tapizar-techos-de-coche","28":"product_tag-tela-para-techos","29":"product_shipping_class-ofertalux","31":"first","32":"instock","33":"sale","34":"featured","35":"taxable","36":"shipping-taxable","37":"purchasable","38":"product-type-simple"},"jetpack_sharing_enabled":true,"_links":{"self":[{"href":"https:\/\/ofertalux.com\/empresa\/wp-json\/wp\/v2\/product\/5455","targetHints":{"allow":["GET"]}}],"collection":[{"href":"https:\/\/ofertalux.com\/empresa\/wp-json\/wp\/v2\/product"}],"about":[{"href":"https:\/\/ofertalux.com\/empresa\/wp-json\/wp\/v2\/types\/product"}],"replies":[{"embeddable":true,"href":"https:\/\/ofertalux.com\/empresa\/wp-json\/wp\/v2\/comments?post=5455"}],"wp:featuredmedia":[{"embeddable":true,"href":"https:\/\/ofertalux.com\/empresa\/wp-json\/wp\/v2\/media\/4222"}],"wp:attachment":[{"href":"https:\/\/ofertalux.com\/empresa\/wp-json\/wp\/v2\/media?parent=5455"}],"wp:term":[{"taxonomy":"product_cat","embeddable":true,"href":"https:\/\/ofertalux.com\/empresa\/wp-json\/wp\/v2\/product_cat?post=5455"},{"taxonomy":"product_tag","embeddable":true,"href":"https:\/\/ofertalux.com\/empresa\/wp-json\/wp\/v2\/product_tag?post=5455"}],"curies":[{"name":"wp","href":"https:\/\/api.w.org\/{rel}","templated":true}]}}