{"id":5233,"date":"2024-02-09T12:57:24","date_gmt":"2024-02-09T12:57:24","guid":{"rendered":"https:\/\/ofertalux.com\/empresa\/?post_type=product&#038;p=5233"},"modified":"2025-10-24T23:34:39","modified_gmt":"2025-10-24T23:34:39","slug":"agreman-galon-duero-pasamaneria-color-beige-008-para-decorar-sillas-y-sillones","status":"publish","type":"product","link":"https:\/\/ofertalux.com\/empresa\/producto\/agreman-galon-duero-pasamaneria-color-beige-008-para-decorar-sillas-y-sillones\/","title":{"rendered":"Agreman\/Galon Duero\/ Pasamaner\u00eda Color Beige 008 para decorar sillas y sillones"},"content":{"rendered":"<p>Gal\u00f3n plano con ondas cruzadas sobre ribete en ida y vuelta. Esta cinta de confecci\u00f3n de corte y color cl\u00e1sico ofrece un brillo tradicional junto a una forma que da la apariencia de ser compuesta. Este gal\u00f3n es muy utilizado en cosas de costura y tapicer\u00eda ya que es ideal para tapar las grapas de un tapizado de sillas o sillones sobre todo los que tienen madera buena y estilo antiguo o isabelino. Se pega f\u00e1cilmente con silicona caliente u otro pegamento textil que no manche y deje residuos, pero la silicona caliente da buen resultado de agarre a largo plazo. Tambi\u00e9n se puede usar para decorar cojines o cortinas entre otras cosas. El gal\u00f3n tiene un ancho de 12 mil\u00edmetros. Fabricado en Poli\u00e9ster y Acr\u00edlico. Aportar\u00e1 brillo y textura suficiente para dar l\u00ednea a confecciones de fiesta, Carnaval y decoraciones. Se trata de una calidad superior en galones.<\/p>\n","protected":false},"excerpt":{"rendered":"<p>Ideal para decorar sillas, sillones, cortinas, cojines, etc&#8230;<\/p>\n<p>1Unidad = 1Metro<\/p>\n","protected":false},"featured_media":5236,"comment_status":"open","ping_status":"closed","template":"","meta":[],"product_cat":[1287,899],"product_tag":[1288,1290,1294,1281,1289,1283,1282,1291,1280,1295,1296,1278,1277,1274,1292,1275,1276,1284,1285,1293,885],"class_list":{"0":"post-5233","1":"product","2":"type-product","3":"status-publish","4":"has-post-thumbnail","6":"product_cat-galones-vivos-y-pasamaneria","7":"product_cat-articulos-de-merceria","8":"product_tag-agreman","9":"product_tag-agremanes","10":"product_tag-cinta-decorativa","11":"product_tag-cinta-para-decorar-tapizados","12":"product_tag-galon","13":"product_tag-galon-cruzado","14":"product_tag-galon-duero","15":"product_tag-galones","16":"product_tag-galones-para-decorar-cortinas","17":"product_tag-galones-para-decorar-sillas","18":"product_tag-galones-para-decorar-sillones","19":"product_tag-galones-para-sillas","20":"product_tag-galones-para-sillones","21":"product_tag-galones-para-tapiceria","22":"product_tag-pasamaneria","23":"product_tag-pasamaneria-para-sillas","24":"product_tag-pasamaneria-para-sillones","25":"product_tag-ribete-decorativo","26":"product_tag-ribete-para-decorar-sillas","27":"product_tag-tapagrapa","28":"product_tag-tapizados-luxor","30":"first","31":"instock","32":"sale","33":"taxable","34":"shipping-taxable","35":"purchasable","36":"product-type-simple"},"jetpack_sharing_enabled":true,"_links":{"self":[{"href":"https:\/\/ofertalux.com\/empresa\/wp-json\/wp\/v2\/product\/5233","targetHints":{"allow":["GET"]}}],"collection":[{"href":"https:\/\/ofertalux.com\/empresa\/wp-json\/wp\/v2\/product"}],"about":[{"href":"https:\/\/ofertalux.com\/empresa\/wp-json\/wp\/v2\/types\/product"}],"replies":[{"embeddable":true,"href":"https:\/\/ofertalux.com\/empresa\/wp-json\/wp\/v2\/comments?post=5233"}],"wp:featuredmedia":[{"embeddable":true,"href":"https:\/\/ofertalux.com\/empresa\/wp-json\/wp\/v2\/media\/5236"}],"wp:attachment":[{"href":"https:\/\/ofertalux.com\/empresa\/wp-json\/wp\/v2\/media?parent=5233"}],"wp:term":[{"taxonomy":"product_cat","embeddable":true,"href":"https:\/\/ofertalux.com\/empresa\/wp-json\/wp\/v2\/product_cat?post=5233"},{"taxonomy":"product_tag","embeddable":true,"href":"https:\/\/ofertalux.com\/empresa\/wp-json\/wp\/v2\/product_tag?post=5233"}],"curies":[{"name":"wp","href":"https:\/\/api.w.org\/{rel}","templated":true}]}}