{"id":5189,"date":"2024-01-05T22:14:09","date_gmt":"2024-01-05T22:14:09","guid":{"rendered":"https:\/\/ofertalux.com\/empresa\/?post_type=product&#038;p=5189"},"modified":"2026-03-17T19:59:08","modified_gmt":"2026-03-17T19:59:08","slug":"fundas-para-el-interior-de-los-cojines-del-sofa-con-relleno-de-fibra-2","status":"publish","type":"product","link":"https:\/\/ofertalux.com\/empresa\/producto\/fundas-para-el-interior-de-los-cojines-del-sofa-con-relleno-de-fibra-2\/","title":{"rendered":"FUNDAS PARA EL INTERIOR DE LOS COJINES DEL SOF\u00c1\/ + Relleno de FIBRA\/ Para RESPALDOS del SOF\u00c1"},"content":{"rendered":"<p><strong>Cuando hay unidades en stock se envia de inmediato y lo recibes rapido. <\/strong><\/p>\n<p><strong>Pero cuando el stock se muestra 0 (zero) seria PRODUCTO BAJO PEDIDO y puedes tardar 7-10 dias en recibirlo porque se confeccionan bajo pedido. <\/strong><\/p>\n","protected":false},"excerpt":{"rendered":"<p><span style=\"color: #ff0000;\"><strong>SI NO TE CUADRAN ESTAN MEDIDAS SE HACEN POR ENCARGO CON LAS MEDIDAS NECESARIAS.<\/strong><\/span><\/p>\n<p>Fundas de TNT Antibacteriano de 70 gramos de grosor con 3 t\u00faneles separados entre si para que el relleno no se haga una pelota en el medio y se deforme el coj\u00edn. Tiene cremallera grande en un lado por donde se puede introducir mas relleno o sacarlo si es necesario.<\/p>\n<p><span style=\"color: #0000ff;\"><strong>SE van a confeccionar de color GRIS CENIZA porque el ROSA PALO SE HA AGOTADO Y AHORA TRABAJAMOS EL GRIS. (puede variar un poco el tono). Aunque las fotos se muestran de color rosa palo se van a fabricar en color gris. Si le disgusta el color gris llamenos por telefono y miramos en la tienda haber si tenemos alguna opcion mas para ofrecerle.<\/strong><\/span><\/p>\n<p>La medidas aproximadas del coj\u00edn relleno con 2,5 kg de fibra suave es: 105cm ancho (parte de arriba)<\/p>\n<p>90cm ancho (parte de abajo) Tenga en cuenta que no es un coj\u00edn cuadrado. Tambi\u00e9n pueden cambiar las medidas si se llena con mas cantidad de fibra o menos cantidad de fibra.<\/p>\n<p>Tiene 70cm-73cm de alto y 15cm grueso.<\/p>\n<p>Vale para una funda exterior mas peque\u00f1a que este relleno (porque se puede sacar del coj\u00edn una cantidad si es necesario) pero no va valer para una funda exterior mas grande porque le quedar\u00eda vac\u00eda. Siempre el relleno tiene que ser mas grande que la funda exterior (Calculando que sobre aprox 5cm por cada lado)<\/p>\n<p>En todo caso si tiene dudas puede dibujar su coj\u00edn en un papel con sus medidas correspondientes y mand\u00e1rnoslo por WhatsApp. Nos podemos asegurar si te valen estas fundas rellenas o si necesitas que te hagamos te otras a medida.<\/p>\n","protected":false},"featured_media":5190,"comment_status":"open","ping_status":"closed","template":"","meta":[],"product_cat":[24,943],"product_tag":[1561,1564,1560,1575,1574,1582,1586,1580,1583,1587,1581,1584,1585,1562,1571,1559,1570,1558,1568,1563,1576,1577,1578,1579,1566,1569,1572,1573,1567,1565],"class_list":{"0":"post-5189","1":"product","2":"type-product","3":"status-publish","4":"has-post-thumbnail","6":"product_brand-tapizados-luxor","7":"product_cat-fundas","8":"product_cat-rellenos-acolchado","9":"product_tag-cojines-de-sofa","10":"product_tag-cojines-interiores-del-respaldo-de-sofa","11":"product_tag-funda-interior-de-cojines","12":"product_tag-fundas-a-medida-para-el-interior-de-los-cojines-del-sofa","13":"product_tag-fundas-a-medida-para-respaldos-del-sofa","14":"product_tag-fundas-de-tnt","15":"product_tag-fundas-de-tnt-hidrofugo","16":"product_tag-fundas-de-tnt-para-interior-de-cojines","17":"product_tag-fundas-de-tst","18":"product_tag-fundas-de-tst-hidrofugo","19":"product_tag-fundas-de-tst-para-interior-de-cojines","20":"product_tag-fundas-interiores-de-tnt","21":"product_tag-fundas-interiores-de-tst","22":"product_tag-fundas-interiores-para-cojines-de-sofa","23":"product_tag-fundas-interiores-para-respaldos-del-sofa","24":"product_tag-fundas-para-cojines","25":"product_tag-fundas-para-cojines-de-fofa","26":"product_tag-fundas-para-interior-de-los-cojines","27":"product_tag-interior-de-los-cojines-para-respaldos-del-sofa","28":"product_tag-interiores-de-cojines-de-sofa","29":"product_tag-relleno-para-respaldo-de-sofa","30":"product_tag-relleno-para-respaldo-del-chailonge","31":"product_tag-relleno-para-sillones","32":"product_tag-relleno-para-sofas","33":"product_tag-rellenos-a-medida-para-respaldos-de-sofa","34":"product_tag-rellenos-interiores-para-cojines","35":"product_tag-rellenos-para-los-cojines-de-la-espalda","36":"product_tag-rellenos-para-los-interiores-de-los-respaldos-del-sofa","37":"product_tag-rellenos-para-respaldos-del-sofa","38":"product_tag-respaldos-de-sofa","40":"first","41":"onbackorder","42":"taxable","43":"shipping-taxable","44":"purchasable","45":"product-type-simple"},"jetpack_sharing_enabled":true,"_links":{"self":[{"href":"https:\/\/ofertalux.com\/empresa\/wp-json\/wp\/v2\/product\/5189","targetHints":{"allow":["GET"]}}],"collection":[{"href":"https:\/\/ofertalux.com\/empresa\/wp-json\/wp\/v2\/product"}],"about":[{"href":"https:\/\/ofertalux.com\/empresa\/wp-json\/wp\/v2\/types\/product"}],"replies":[{"embeddable":true,"href":"https:\/\/ofertalux.com\/empresa\/wp-json\/wp\/v2\/comments?post=5189"}],"wp:featuredmedia":[{"embeddable":true,"href":"https:\/\/ofertalux.com\/empresa\/wp-json\/wp\/v2\/media\/5190"}],"wp:attachment":[{"href":"https:\/\/ofertalux.com\/empresa\/wp-json\/wp\/v2\/media?parent=5189"}],"wp:term":[{"taxonomy":"product_cat","embeddable":true,"href":"https:\/\/ofertalux.com\/empresa\/wp-json\/wp\/v2\/product_cat?post=5189"},{"taxonomy":"product_tag","embeddable":true,"href":"https:\/\/ofertalux.com\/empresa\/wp-json\/wp\/v2\/product_tag?post=5189"}],"curies":[{"name":"wp","href":"https:\/\/api.w.org\/{rel}","templated":true}]}}