{"id":5081,"date":"2023-10-26T11:51:07","date_gmt":"2023-10-26T11:51:07","guid":{"rendered":"https:\/\/ofertalux.com\/empresa\/?post_type=product&#038;p=5081"},"modified":"2026-04-04T02:22:44","modified_gmt":"2026-04-04T02:22:44","slug":"spray-de-silicona-lubricante-deslizante-para-enfundado-de-cojines","status":"publish","type":"product","link":"https:\/\/ofertalux.com\/empresa\/producto\/spray-de-silicona-lubricante-deslizante-para-enfundado-de-cojines\/","title":{"rendered":"Spray de SILICONA LUBRICANTE\/ Deslizante para enfundado de cojines\/ Impermeabilizante"},"content":{"rendered":"<p><strong>PRODUCTO BAJO PEDIDO. Una vez hecho el pedido tardas 7-10 dias en recibirlo.<\/strong><\/p>\n","protected":false},"excerpt":{"rendered":"<p>Cuando lavas las fundas de tus cojines del sof\u00e1 y toca enfundar las espumas se convierte en un suplicio?<\/p>\n<p>Con el spray de silicona todo ser\u00e1 mas f\u00e1cil. Se lo aplicas a la espuma y esperas 2 minutos. Luego puedes poner las fundas con normalidad porque no mancha. Cunde mucho y te servir\u00e1 para varias veces porque el bote es grande y se gasta poco. Ver\u00e1s que con este spray siliconado todo el proceso de enfundado ser\u00e1 mas r\u00e1pido y mucho mas f\u00e1cil.<\/p>\n<p>Tambi\u00e9n se usa para impermeabilizar tejidos. Es transparente e incoloro. Por ejemplo: Si cala el agua en su toldo de la terraza o jard\u00edn, puede aplicar por enzima una buena capa de silicona liquida y dejar\u00e1 de traspasar el agua. Es un spray que nunca deber\u00eda faltar en su casa.<\/p>\n<p>Es el t\u00edpico producto que hubieras deseado descubrir antes.<\/p>\n","protected":false},"featured_media":5082,"comment_status":"open","ping_status":"closed","template":"","meta":[],"product_cat":[961,1064,1246,944,987,978,1182,943,482,21],"product_tag":[1526,1515,1522,1525,1518,1519,1517,1524,1516,1514,1520,1521,1523,1528,1513,1527,1512],"class_list":{"0":"post-5081","1":"product","2":"type-product","3":"status-publish","4":"has-post-thumbnail","6":"product_brand-ambersil","7":"product_cat-gomaespuma-20kd","8":"product_cat-colchones-para-cuna","9":"product_cat-espuma-cojin-para-palet","10":"product_cat-gomaespuma-esponjas","11":"product_cat-gomaespuma-firmeza-25kd-alta-densidad","12":"product_cat-gomaespuma-firmeza-30kd-alta-densidad","13":"product_cat-productos-de-limpieza-quitamanchas","14":"product_cat-rellenos-acolchado","15":"product_cat-sin-categoria","16":"product_cat-costura-y-tapiceria","17":"product_tag-lubricante-ambersil","18":"product_tag-lubricante-para-enfundar-cojines","19":"product_tag-silicona-ambersil","20":"product_tag-silicona-lubricantes","21":"product_tag-silicona-para-coser-piel","22":"product_tag-silicona-para-coser-polipiel","23":"product_tag-silicona-para-costura","24":"product_tag-silicona-para-deslizar-cojines","25":"product_tag-silicona-para-deslizar-cojines-de-sofa","26":"product_tag-silicona-para-enfundar-cojines","27":"product_tag-silicona-para-maquina-de-coser","28":"product_tag-silicona-spray","29":"product_tag-spray-de-silicona","30":"product_tag-spray-impermeable","31":"product_tag-spray-para-enfundar-cojines","32":"product_tag-spray-para-impermeabilizar","33":"product_tag-spray-siliconado","34":"product_shipping_class-ofertalux","36":"first","37":"instock","38":"taxable","39":"shipping-taxable","40":"purchasable","41":"product-type-simple"},"jetpack_sharing_enabled":true,"_links":{"self":[{"href":"https:\/\/ofertalux.com\/empresa\/wp-json\/wp\/v2\/product\/5081","targetHints":{"allow":["GET"]}}],"collection":[{"href":"https:\/\/ofertalux.com\/empresa\/wp-json\/wp\/v2\/product"}],"about":[{"href":"https:\/\/ofertalux.com\/empresa\/wp-json\/wp\/v2\/types\/product"}],"replies":[{"embeddable":true,"href":"https:\/\/ofertalux.com\/empresa\/wp-json\/wp\/v2\/comments?post=5081"}],"wp:featuredmedia":[{"embeddable":true,"href":"https:\/\/ofertalux.com\/empresa\/wp-json\/wp\/v2\/media\/5082"}],"wp:attachment":[{"href":"https:\/\/ofertalux.com\/empresa\/wp-json\/wp\/v2\/media?parent=5081"}],"wp:term":[{"taxonomy":"product_cat","embeddable":true,"href":"https:\/\/ofertalux.com\/empresa\/wp-json\/wp\/v2\/product_cat?post=5081"},{"taxonomy":"product_tag","embeddable":true,"href":"https:\/\/ofertalux.com\/empresa\/wp-json\/wp\/v2\/product_tag?post=5081"}],"curies":[{"name":"wp","href":"https:\/\/api.w.org\/{rel}","templated":true}]}}