{"id":5044,"date":"2023-09-22T17:14:45","date_gmt":"2023-09-22T17:14:45","guid":{"rendered":"https:\/\/ofertalux.com\/empresa\/?post_type=product&#038;p=5044"},"modified":"2026-04-04T02:22:20","modified_gmt":"2026-04-04T02:22:20","slug":"spray-limpiador-removedor-de-pegatinas-stickers-y-restos-de-chicle-bote-de-200ml","status":"publish","type":"product","link":"https:\/\/ofertalux.com\/empresa\/producto\/spray-limpiador-removedor-de-pegatinas-stickers-y-restos-de-chicle-bote-de-200ml\/","title":{"rendered":"Spray Limpiador de Pegamentos y Pegatinas, Stickers y Restos de Chicle &#8211; Bote de 200ml"},"content":{"rendered":"<p>Tu peque ha pegado pegatinas y stickers en los armarios de tu casa y quieres retirarlos sin da\u00f1ar la madera? Prueba nuestro limpiador de pegatinas. Tiene un olor super-agradable (a chucher\u00edas) y facilita la retirada de las pegatinas. Con este limpiador puedes retirar pegatinas y stickers de superficies de madera, vidrios, pl\u00e1sticos, metal, textiles&#8230; Tambi\u00e9n elimina restos de cinta adhesiva y embalajes (el pegamento que deja al despegarla) Ayuda a retirar manchas pegajosas del suelo. ALUCINA!!! Ayuda a quitar los restos de chicles de la ropa. Se acab\u00f3 tener miedo que tu peque venga con chicles pegados en los pantalones o mochila.<\/p>\n<p>Instrucciones: Primero tienes que poner la prenda en remojo de agua fr\u00eda y despegas el chicle con la mano. Luego ver\u00e1s que el chicle es tan odioso que deja restos tan pegados en la prenda que son imposibles de quitar casi con cualquier cosa. Aplicas un jet de spray en el sitio donde quedan restos de chicle (en prenda mojada) y frotas con la mano. Luego tienes que lavar esa prenda con jab\u00f3n para quitarle los restos de spray.<\/p>\n<p>Spray Limpiador Removedor de Pegatinas &#8211; Elimina residuos de etiquetas adhesivas en superficies de pl\u00e1stico, vidrio, madera y metal. Eliminador de restos de chicles.<\/p>\n<p>En el caso de que no se encuentre en su domicilio a la hora de la entrega, el repartidor podr\u00e1 dejar el paquete en el ParcelShop GLS mas cercano de su domicilio (le avisar\u00e1n donde) y tendr\u00e1 que acercarse a recogerlo.<\/p>\n<h3>Aviso legal<\/h3>\n","protected":false},"excerpt":{"rendered":"<ul class=\"a-unordered-list a-vertical a-spacing-mini\">\n<li><strong><span style=\"color: #ff0000\">ATENCI\u00d3N! Estmos sin stock y tardaremos unos dias en reponer. Puede hacer el pedido sin problema pero tardar\u00e1 8-10 dias laborables en recibirlo.<\/span><\/strong><\/li>\n<li class=\"a-spacing-mini\"><span class=\"a-list-item\"><strong>ALUCINA!!! Ayuda a quitar los restos de chicles de la ropa. Se acab\u00f3 tener miedo que tu peque venga con chicles pegados en los pantalones o mochila.\u00a0\u00a0<\/strong><\/span><\/li>\n<li class=\"a-spacing-mini\"><span class=\"a-list-item\"><strong>Spray Limpiador Removedor de Pegatinas &#8211; 200ml &#8211; Elimina residuos de etiquetas adhesivas en superficies de pl\u00e1stico, vidrio, madera y metal. Eliminador de restos de chicles<\/strong><\/span><\/li>\n<li><\/li>\n<\/ul>\n<p><span class=\"a-list-item\"><strong>Tambi\u00e9n se usa para limpiar los restos de pegamento en el caso de que manchas la tela cuando tapizar el techo de tu coche. <\/strong><\/span><\/p>\n","protected":false},"featured_media":5048,"comment_status":"open","ping_status":"closed","template":"","meta":[],"product_cat":[1182],"product_tag":[1504,1508,1505,1510,1502,1511,1509,1503,1506,1507],"class_list":{"0":"post-5044","1":"product","2":"type-product","3":"status-publish","4":"has-post-thumbnail","6":"product_brand-ambersil","7":"product_cat-productos-de-limpieza-quitamanchas","8":"product_tag-despegador-de-chcicle","9":"product_tag-elimina-chicles-pegados","10":"product_tag-eliminador-de-chicles-limpiador-de-adhesivos","11":"product_tag-limpiador-ambersil","12":"product_tag-limpiador-de-etiquetas","13":"product_tag-limpiador-de-muebles","14":"product_tag-limpiador-de-pegamentos","15":"product_tag-limpiador-de-restos-de-chcicle","16":"product_tag-limpiador-de-restos-de-precinto","17":"product_tag-removedor-de-etiquetas","19":"first","20":"instock","21":"taxable","22":"shipping-taxable","23":"purchasable","24":"product-type-simple"},"jetpack_sharing_enabled":true,"_links":{"self":[{"href":"https:\/\/ofertalux.com\/empresa\/wp-json\/wp\/v2\/product\/5044","targetHints":{"allow":["GET"]}}],"collection":[{"href":"https:\/\/ofertalux.com\/empresa\/wp-json\/wp\/v2\/product"}],"about":[{"href":"https:\/\/ofertalux.com\/empresa\/wp-json\/wp\/v2\/types\/product"}],"replies":[{"embeddable":true,"href":"https:\/\/ofertalux.com\/empresa\/wp-json\/wp\/v2\/comments?post=5044"}],"wp:featuredmedia":[{"embeddable":true,"href":"https:\/\/ofertalux.com\/empresa\/wp-json\/wp\/v2\/media\/5048"}],"wp:attachment":[{"href":"https:\/\/ofertalux.com\/empresa\/wp-json\/wp\/v2\/media?parent=5044"}],"wp:term":[{"taxonomy":"product_cat","embeddable":true,"href":"https:\/\/ofertalux.com\/empresa\/wp-json\/wp\/v2\/product_cat?post=5044"},{"taxonomy":"product_tag","embeddable":true,"href":"https:\/\/ofertalux.com\/empresa\/wp-json\/wp\/v2\/product_tag?post=5044"}],"curies":[{"name":"wp","href":"https:\/\/api.w.org\/{rel}","templated":true}]}}