{"id":4244,"date":"2022-06-20T12:01:51","date_gmt":"2022-06-20T12:01:51","guid":{"rendered":"https:\/\/ofertalux.com\/empresa\/?post_type=product&#038;p=4244"},"modified":"2024-11-08T11:47:48","modified_gmt":"2024-11-08T11:47:48","slug":"cinta-con-ollados-para-cortina-con-embellecedores-incluidos","status":"publish","type":"product","link":"https:\/\/ofertalux.com\/empresa\/producto\/cinta-con-ollados-para-cortina-con-embellecedores-incluidos\/","title":{"rendered":"Cinta con ollados para cortina\/ VENTA POR METRO\/ Con embellecedores incluidos"},"content":{"rendered":"<ul class=\"a-unordered-list a-vertical a-spacing-mini\">\n<li><span class=\"a-list-item\">Material de polipropileno: la cinta de cortina est\u00e1 hecha de material de polipropileno, recto y suave, resistente al desgaste, de alta densidad, protecci\u00f3n del medio ambiente.<\/span><\/li>\n<li><span class=\"a-list-item\">F\u00e1cil de usar: la cinta de cortina se puede ajustar o conectar otra cinta de cortina.<\/span><\/li>\n<li><span class=\"a-list-item\">Con dise\u00f1o de ojales: la cinta de cortina con anillos de cortina (con trabillas) logra hermosas cortinas de estilo r\u00fastico.<\/span><\/li>\n<li><span class=\"a-list-item\">Amplia aplicaci\u00f3n: apto para uso con ganchos de cortina de pl\u00e1stico y metal. Crea cortinas onduladas, pellizcadas o plisadas. Tambi\u00e9n apto para forros desmontables y oscuros.<\/span><\/li>\n<li><span class=\"a-list-item\">Ancho: 72 mm.<\/span><\/li>\n<\/ul>\n","protected":false},"excerpt":{"rendered":"<p>&nbsp;<\/p>\n<ul>\n<li>VENTA POR METROS (1 unidad=1 metro)<\/li>\n<li>La cinta de cortina viene con embellecedores incluidos<\/li>\n<li>La compra de 1 unidad incluye 1 metro de cinta para cortina+ los anillos embellecedores correspondientes (1 embellecedor por cada agujero)<\/li>\n<li><span class=\"a-list-item\">Ancho: 72 mm.<\/span><\/li>\n<li>Cinta de color blanco\/Embellecedor gris plata<\/li>\n<\/ul>\n<p>&nbsp;<\/p>\n","protected":false},"featured_media":4251,"comment_status":"open","ping_status":"closed","template":"","meta":[],"product_cat":[899],"product_tag":[1243,435,438,434,1244,1245,436,433,439,437],"class_list":{"0":"post-4244","1":"product","2":"type-product","3":"status-publish","4":"has-post-thumbnail","6":"product_cat-articulos-de-merceria","7":"product_tag-cinta-con-ollados","8":"product_tag-cinta-cortina","9":"product_tag-cinta-cortina-rizo","10":"product_tag-cinta-para-cortina","11":"product_tag-cinta-para-cortina-con-embellecedores","12":"product_tag-cinta-para-cortinas-con-plisado","13":"product_tag-cinta-para-plisar-cortina","14":"product_tag-cinta-plisado","15":"product_tag-cinta-rizado-cortina","16":"product_tag-plisado-cortina","18":"first","19":"instock","20":"taxable","21":"shipping-taxable","22":"purchasable","23":"product-type-simple"},"jetpack_sharing_enabled":true,"_links":{"self":[{"href":"https:\/\/ofertalux.com\/empresa\/wp-json\/wp\/v2\/product\/4244","targetHints":{"allow":["GET"]}}],"collection":[{"href":"https:\/\/ofertalux.com\/empresa\/wp-json\/wp\/v2\/product"}],"about":[{"href":"https:\/\/ofertalux.com\/empresa\/wp-json\/wp\/v2\/types\/product"}],"replies":[{"embeddable":true,"href":"https:\/\/ofertalux.com\/empresa\/wp-json\/wp\/v2\/comments?post=4244"}],"wp:featuredmedia":[{"embeddable":true,"href":"https:\/\/ofertalux.com\/empresa\/wp-json\/wp\/v2\/media\/4251"}],"wp:attachment":[{"href":"https:\/\/ofertalux.com\/empresa\/wp-json\/wp\/v2\/media?parent=4244"}],"wp:term":[{"taxonomy":"product_cat","embeddable":true,"href":"https:\/\/ofertalux.com\/empresa\/wp-json\/wp\/v2\/product_cat?post=4244"},{"taxonomy":"product_tag","embeddable":true,"href":"https:\/\/ofertalux.com\/empresa\/wp-json\/wp\/v2\/product_tag?post=4244"}],"curies":[{"name":"wp","href":"https:\/\/api.w.org\/{rel}","templated":true}]}}