{"id":3889,"date":"2021-11-30T20:30:56","date_gmt":"2021-11-30T20:30:56","guid":{"rendered":"https:\/\/ofertalux.com\/empresa\/?post_type=product&#038;p=3889"},"modified":"2026-04-24T09:29:56","modified_gmt":"2026-04-24T09:29:56","slug":"color-g00-kit-para-tapizar-techos-de-coche-pack-2m-de-tela-con-foam-de3mm1l-pegamento","status":"publish","type":"product","link":"https:\/\/ofertalux.com\/empresa\/producto\/color-g00-kit-para-tapizar-techos-de-coche-pack-2m-de-tela-con-foam-de3mm1l-pegamento\/","title":{"rendered":"Color LX0\/ KIT PARA TAPIZAR TECHOS DE COCHE (2m de tela Con foam de 3mm y Charm\u00e9s Bielastico+1L Pegamento)"},"content":{"rendered":"<p>Venta de tela especial para tapizar techos de coche. Venta por pack (2 metros de tela con FOAM de 3mm y Charm\u00e9s +1 Litro de Cola de Alta temperatura Especial para techos de coche)<\/p>\n<p><span style=\"color: #33cccc;\"><strong>Nuestros pedidos se env\u00edan normalmente en un plazo de 2-3 d\u00edas laborables.<\/strong><\/span><\/p>\n<p><span style=\"color: #ff0000;\"><b>(EXCEPTO LOS PEDIDOS BAJO DEMANDA que se env\u00edan en un plazo m\u00e1ximo de 8 d\u00edas laborables. Tambi\u00e9n cuando el contador del inventario est\u00e1 a zero (0) y se hacen RESERVAS.<\/b><\/span><\/p>\n<p>Detalles: <span style=\"color: #008000;\">Ancho de la tela<\/span>: <span style=\"color: #333399;\">150CM Ancho<\/span><strong>! <\/strong><br \/>\n<span style=\"color: #ff0000;\">VENTA POR pack<\/span><b>: <\/b><span style=\"color: #00ff00;\">Si usted pide 1 unidad del Color que sea=recibir\u00e1 1 pack de 2 metros de tela con Ancho que tiene (150cm )<\/span><span style=\"color: #3366ff;\"><span style=\"color: #00ff00;\"><b>+<\/b><\/span><b>1 Litro de Cola de Alta temperatura. Si no le llega con un litro puede a\u00f1adir 1 Litro mas al carrito despu\u00e9s.<\/b><\/span><\/p>\n<p>Si quiere comprar tela por rollo, consulten tarifas porque tenemos rollos grandes y medianos.<br \/>\n<span style=\"color: #ff6600;\"><b>Si usted pide 2 unidades del Color que sea=recibir\u00e1 2 pack con 4 metros de tela en total (sin cortar si se trata del mismo color) con el ancho 150cm.<\/b><\/span><br \/>\n<span style=\"color: #3366ff;\"><em><strong>Un coche normal necesita aproximadamente 2 metros de tela para un techo<\/strong><\/em><em>.<\/em><\/span><br \/>\n<span style=\"color: #800080;\"><strong>NO SE ACEPTAN DEVOLUCIONES PORQUE SE TRATA DE TELA AL CORTE<\/strong>.<\/span><\/p>\n<p>La tela especial para coche tiene foam de 3mm por lo que facilita el tapizado e impide que se manche la tela con la cola de contacto. La tela es flexible y estira hacia un lado. Tapizar tu techo de coche ser\u00e1 mas f\u00e1cil que nunca porque podr\u00e1s darle las formas necesarias con un acabado profesional. <span style=\"color: #ff0000;\"><strong>ATENCI\u00d3N!!! El tono del color puede verse diferente debido a la c\u00e1mara de fotos.<\/strong><\/span><span style=\"color: #333399;\"><strong>Si elije pago por transferencia bancaria, una vez terminado el pedido le aparecer\u00e1 la pagina con los detalles para que pueda hacer el pago. Puede elegir hacer ingreso o transferencia en cuenta <\/strong><span style=\"color: #ff0000;\"><strong>CAIXA<\/strong><\/span><strong> o <\/strong><span style=\"color: #ff0000;\"><strong>SANTANDER.<\/strong><\/span><\/span><\/p>\n","protected":false},"excerpt":{"rendered":"<p>Venta de tela especial para tapizar techos de coche. Venta por pack (2 metros de tela con FOAM de 3mm +1 Litro de Cola de Alta temperatura Especial para techos de coche)<br \/>\n<span style=\"color: #3366ff;\"><strong>Nuestros pedidos se env\u00edan normalmente en un plazo de 2-3 d\u00edas laborables.<\/strong><\/span><br \/>\n<span style=\"color: #ff0000;\"><span style=\"color: #ff0000;\"><b>(EXCEPTO LOS\u00a0 PEDIDOS BAJO DEMANDA que se env\u00edan en un plazo m\u00e1ximo de 8 d\u00edas laborables. Tambi\u00e9n cuando el contador del inventario est\u00e1 a zero (0) y se hacen RESERVAS. Normalmente lo ponemos todo en los detalles.<\/b><\/span><\/span><br \/>\nDetalles: <span style=\"color: #008000;\">Ancho de la tela<\/span>: <span style=\"color: #3366ff;\">150CM Ancho<strong>!\u00a0<\/strong><\/span><\/p>\n<p><span style=\"color: #ffcc00;\">TAMBI\u00c9N VENDEMOS POR ROLLO\/ PIEZA COMPLETA. Consulten tarifas<\/span><\/p>\n","protected":false},"featured_media":4211,"comment_status":"open","ping_status":"closed","template":"","meta":[],"product_cat":[725,482],"product_tag":[1113,1106,1108,1105,1114,1035,1112,1111,1117,1119,1118,1116,1120,1110,1115,1121,1107,1109],"class_list":{"0":"post-3889","1":"product","2":"type-product","3":"status-publish","4":"has-post-thumbnail","6":"product_cat-auto-materiales-para-tapizar-coches","7":"product_cat-sin-categoria","8":"product_tag-automocion","9":"product_tag-kit-para-tapizar-techos-de-coche","10":"product_tag-pack-para-tapizar-techos","11":"product_tag-pack-para-tapizar-techos-de-coche","12":"product_tag-tapiceia-automocion","13":"product_tag-tapiceria-auto","14":"product_tag-tapiceria-techos-auto","15":"product_tag-tapizar-techos-de-coche","16":"product_tag-tela-con-esponjita-para-techos-de-coche","17":"product_tag-tela-con-espuma","18":"product_tag-tela-con-espuma-para-techos","19":"product_tag-tela-con-foam-para-techos-de-coche","20":"product_tag-tela-foamizada-para-techos-de-coche","21":"product_tag-tela-para-auto","22":"product_tag-tela-para-automocion","23":"product_tag-tela-para-puertas-de-coche","24":"product_tag-tela-para-tapizar-techos-de-coche","25":"product_tag-tela-para-techos","26":"product_shipping_class-ofertalux","28":"first","29":"instock","30":"taxable","31":"shipping-taxable","32":"purchasable","33":"product-type-simple"},"jetpack_sharing_enabled":true,"_links":{"self":[{"href":"https:\/\/ofertalux.com\/empresa\/wp-json\/wp\/v2\/product\/3889","targetHints":{"allow":["GET"]}}],"collection":[{"href":"https:\/\/ofertalux.com\/empresa\/wp-json\/wp\/v2\/product"}],"about":[{"href":"https:\/\/ofertalux.com\/empresa\/wp-json\/wp\/v2\/types\/product"}],"replies":[{"embeddable":true,"href":"https:\/\/ofertalux.com\/empresa\/wp-json\/wp\/v2\/comments?post=3889"}],"wp:featuredmedia":[{"embeddable":true,"href":"https:\/\/ofertalux.com\/empresa\/wp-json\/wp\/v2\/media\/4211"}],"wp:attachment":[{"href":"https:\/\/ofertalux.com\/empresa\/wp-json\/wp\/v2\/media?parent=3889"}],"wp:term":[{"taxonomy":"product_cat","embeddable":true,"href":"https:\/\/ofertalux.com\/empresa\/wp-json\/wp\/v2\/product_cat?post=3889"},{"taxonomy":"product_tag","embeddable":true,"href":"https:\/\/ofertalux.com\/empresa\/wp-json\/wp\/v2\/product_tag?post=3889"}],"curies":[{"name":"wp","href":"https:\/\/api.w.org\/{rel}","templated":true}]}}