{"id":3504,"date":"2021-06-30T11:41:28","date_gmt":"2021-06-30T11:41:28","guid":{"rendered":"https:\/\/ofertalux.com\/empresa\/?post_type=product&#038;p=3504"},"modified":"2026-04-24T19:27:37","modified_gmt":"2026-04-24T19:27:37","slug":"rollo-de-10-metros-tela-para-tapizar-techos-de-coche-con-foam-de-4mm-y-con-charmes-disponibilidad-de-22-colores","status":"publish","type":"product","link":"https:\/\/ofertalux.com\/empresa\/producto\/rollo-de-10-metros-tela-para-tapizar-techos-de-coche-con-foam-de-4mm-y-con-charmes-disponibilidad-de-22-colores\/","title":{"rendered":"ROLLO de 6 Metros\/ TELA PARA TAPIZAR TECHOS DE COCHE\/Con FOAM DE 4mm y Con Charm\u00e9s"},"content":{"rendered":"<p>Venta de tela especial para tapizar techos de coche. Venta por rollo de 6 Metros. <span style=\"color: #ff0000;\"><b>Si quiere de mas de 6 metros p\u00eddalo por WhatsApp y le preparamos el pedido.<\/b><\/span><\/p>\n<p><span style=\"color: #000080;\"><span style=\"color: #000080;\"><b>Nuestros pedidos se env\u00edan normalmente en un plazo m\u00e1ximo de 7-8 d\u00edas laborables seg\u00fan color porque tenemos colores que pueden salir en 2-3 dias maximo tambien.\u00a0<\/b><\/span><\/span><br \/>\nDetalles: <span style=\"color: #008000;\">Ancho de la tela<\/span>: Aprox <span style=\"color: #333399;\">150CM Ancho<\/span><strong>!\u00a0<\/strong><\/p>\n<p>SE TRATA DE VENTA POR ROLLO DE 6 METROS. Si necesitas una pieza completa (aprox 30 metros o mas) llame por tel\u00e9fono para ver que disponibilidad tenemos (porque los rollos no tienen unos metros fijos)<\/p>\n<p><span style=\"color: #ff6600;\"><b>Si usted pide 2 unidades del Color que sea=recibir\u00e1 12 metros de tela en total (sin cortar si se trata del mismo color y siempre que haya disponibilidad) con el ancho 150cm.<\/b><\/span><\/p>\n<p><span style=\"color: #800080;\"><strong>NO SE ACEPTAN DEVOLUCIONES PORQUE SE TRATA DE TELA AL CORTE<\/strong>.<\/span><\/p>\n<p>La tela especial para coche tiene foam de 4mm (ESPUMA DE ALTA DENSIDAD 35 KD) por lo que facilita el tapizado e impide que se manche la tela con la cola de contacto. La tela es flexible y estira.<\/p>\n<p>Tapizar tu techo de coche ser\u00e1 mas f\u00e1cil que nunca porque podr\u00e1s darle las formas necesarias con un acabado profesional. <strong><span style=\"color: #ff0000;\">ATENCI\u00d3N!!! El tono del color puede verse diferente debido a la c\u00e1mara de fotos.<\/span><\/strong><\/p>\n","protected":false},"excerpt":{"rendered":"<p>Venta de tela especial para tapizar techos de coche. Flexible, Estirable, con Foam de Alta Densidad y con Charmes Bielastico.<\/p>\n<p>22 COLORES EN STOCK.<\/p>\n<p><span style=\"color: #ff0000;\"><span style=\"color: #ff0000;\"><b>Venta por rollo de 6 Metros. Si quiere de mas de 6 metros puede a\u00f1adir al carrito 2 unidades que serian 12 m en total o bien hacer el pedido de tela por metros.<\/b><\/span><\/span><\/p>\n<p><span style=\"color: #000080;\"><span style=\"color: #000080;\"><b>Nuestros pedidos se env\u00edan normalmente en un plazo m\u00e1ximo 2-3 dias laborables cuando se trata de colores que tenemos en tienda pero como amenudo se agotan pueden tardar 7-8 d\u00edas laborables si nos pilla sin stock. Lea los detalles que pone en cada uno de los colores al hacer el pedido o nos echa un telefono antes de hacer el pedido.<\/b><\/span><\/span><\/p>\n","protected":false},"featured_media":3324,"comment_status":"open","ping_status":"closed","template":"","meta":[],"product_cat":[725],"product_tag":[1880,664,1816,1268,1203,1838,1826,1888,1047,1836,1837,1814,1825,1861,1844,1815,1197,1893,1877,1819,1863,1846,1817,1831,1885,1839,1854,1871,1818,1876,1862,1845,1834,1853,1870,1192,1119,1848,1878,1865,1823,1847,1875,1890,1864,1832,1828,1889,1868,1860,1843,1851,1822,1881,1833,1829,1849,1866,1830,1856,1873,1884,1121,1840,1891,1147,1824,1194,1883,1821,1855,1872,1109,1193,1867,1850,1827,1886,1887,1879,1820,1858,1841,1882,1869,1852,1842,1859,1874,1857,1892,1835,1813],"class_list":{"0":"post-3504","1":"product","2":"type-product","3":"status-publish","4":"has-post-thumbnail","6":"product_cat-auto-materiales-para-tapizar-coches","7":"product_tag-acabado-charmes-automotriz","8":"product_tag-arreglar-techos-de-coche","9":"product_tag-comprar-tejido-para-tapizar-techos","10":"product_tag-comprar-tela-para-techos-de-coche","11":"product_tag-comprar-tela-para-techos-por-rollos","12":"product_tag-material-para-detailing-coche","13":"product_tag-material-tapizado-coche","14":"product_tag-material-tapizado-profesional","15":"product_tag-materiales-para-tapizar-coches","16":"product_tag-repuesto-tapiceria-coche","17":"product_tag-restauracion-interior-coche","18":"product_tag-rollos-de-tela-para-techos-de-coche","19":"product_tag-tapiceria-automotriz","20":"product_tag-tapizado-para-dacia","21":"product_tag-tapizado-para-volkswagen","22":"product_tag-tapizado-techos-de-coche","23":"product_tag-techos-de-coche","24":"product_tag-tejido-automotriz-profesional","25":"product_tag-tejido-foamizado-coche","26":"product_tag-tejido-para-coche","27":"product_tag-tejido-para-mitsubishi","28":"product_tag-tejido-para-renault","29":"product_tag-tejido-por-rollo-de-techos-de-coche","30":"product_tag-tejido-tecnico-automocion","31":"product_tag-tejido-tecnico-automocion-alta-gama","32":"product_tag-tela-adhesiva-automotriz","33":"product_tag-tela-automocion-kia","34":"product_tag-tela-automocion-smart","35":"product_tag-tela-automotriz","36":"product_tag-tela-automotriz-alta-calidad","37":"product_tag-tela-automotriz-chevrolet","38":"product_tag-tela-automotriz-seat","39":"product_tag-tela-beige-coche","40":"product_tag-tela-coche-hyundai","41":"product_tag-tela-coche-mini","42":"product_tag-tela-con-charmes","43":"product_tag-tela-con-espuma","44":"product_tag-tela-con-espuma-citroen","45":"product_tag-tela-con-espuma-flexible","46":"product_tag-tela-con-espuma-suzuki","47":"product_tag-tela-foamizada","48":"product_tag-tela-foamizada-peugeot","49":"product_tag-tela-foamizada-premium","50":"product_tag-tela-foamizada-reforzada","51":"product_tag-tela-foamizada-subaru","52":"product_tag-tela-gris-coche","53":"product_tag-tela-ignifuga-automocion","54":"product_tag-tela-interior-coche-elegante","55":"product_tag-tela-interior-jaguar","56":"product_tag-tela-interior-jeep","57":"product_tag-tela-interior-mercedes-benz","58":"product_tag-tela-interior-toyota","59":"product_tag-tela-interior-vehiculo","60":"product_tag-tela-lujo-interior-coche","61":"product_tag-tela-negra-coche","62":"product_tag-tela-para-cielo-de-coche","63":"product_tag-tela-para-cielo-de-ford","64":"product_tag-tela-para-cielo-de-lexus","65":"product_tag-tela-para-paneles-de-puerta","66":"product_tag-tela-para-paneles-mazda","67":"product_tag-tela-para-paneles-saab","68":"product_tag-tela-para-puertas-coche-premium","69":"product_tag-tela-para-puertas-de-coche","70":"product_tag-tela-para-renovar-techo-coche","71":"product_tag-tela-para-restauracion-coche-alta-gama","72":"product_tag-tela-para-tapiceria","73":"product_tag-tela-para-tapizado-interior","74":"product_tag-tela-para-tapizar-puertas-de-coche","75":"product_tag-tela-para-techo-coche-premium","76":"product_tag-tela-para-techo-de-coche","77":"product_tag-tela-para-techo-honda","78":"product_tag-tela-para-techo-porsche","79":"product_tag-tela-para-techos","80":"product_tag-tela-para-techos-de-coche","81":"product_tag-tela-puertas-infiniti","82":"product_tag-tela-puertas-opel","83":"product_tag-tela-resistente-calor-coche","84":"product_tag-tela-resistente-calor-y-desgaste","85":"product_tag-tela-suave-y-duradera-coche","86":"product_tag-tela-super-flexible-automocion","87":"product_tag-tela-tapiceria-coche","88":"product_tag-tela-tapiceria-coche-alfa-romeo","89":"product_tag-tela-tapiceria-coche-bmw","90":"product_tag-tela-tapiceria-premium","91":"product_tag-tela-tapizado-land-rover","92":"product_tag-tela-tapizado-nissan","93":"product_tag-tela-techo-coche-audi","94":"product_tag-tela-techo-coche-fiat","95":"product_tag-tela-universal-compatible-chrysler","96":"product_tag-tela-universal-compatible-skoda","97":"product_tag-tela-universal-premium-tapiceria","98":"product_tag-tela-universal-tapizado","99":"product_tag-tes-por-rollos-para-techos-de-coche","100":"product_shipping_class-ofertalux","102":"first","103":"instock","104":"taxable","105":"shipping-taxable","106":"purchasable","107":"product-type-variable"},"jetpack_sharing_enabled":true,"_links":{"self":[{"href":"https:\/\/ofertalux.com\/empresa\/wp-json\/wp\/v2\/product\/3504","targetHints":{"allow":["GET"]}}],"collection":[{"href":"https:\/\/ofertalux.com\/empresa\/wp-json\/wp\/v2\/product"}],"about":[{"href":"https:\/\/ofertalux.com\/empresa\/wp-json\/wp\/v2\/types\/product"}],"replies":[{"embeddable":true,"href":"https:\/\/ofertalux.com\/empresa\/wp-json\/wp\/v2\/comments?post=3504"}],"wp:featuredmedia":[{"embeddable":true,"href":"https:\/\/ofertalux.com\/empresa\/wp-json\/wp\/v2\/media\/3324"}],"wp:attachment":[{"href":"https:\/\/ofertalux.com\/empresa\/wp-json\/wp\/v2\/media?parent=3504"}],"wp:term":[{"taxonomy":"product_cat","embeddable":true,"href":"https:\/\/ofertalux.com\/empresa\/wp-json\/wp\/v2\/product_cat?post=3504"},{"taxonomy":"product_tag","embeddable":true,"href":"https:\/\/ofertalux.com\/empresa\/wp-json\/wp\/v2\/product_tag?post=3504"}],"curies":[{"name":"wp","href":"https:\/\/api.w.org\/{rel}","templated":true}]}}