{"id":3138,"date":"2021-01-08T15:25:49","date_gmt":"2021-01-08T15:25:49","guid":{"rendered":"https:\/\/ofertalux.com\/empresa\/?post_type=product&#038;p=3138"},"modified":"2024-08-29T18:51:35","modified_gmt":"2024-08-29T18:51:35","slug":"botones-de-cristal-brillo-de-diamante-medida-20mm-con-anilla-especial-para-tapiceria","status":"publish","type":"product","link":"https:\/\/ofertalux.com\/empresa\/producto\/botones-de-cristal-brillo-de-diamante-medida-20mm-con-anilla-especial-para-tapiceria\/","title":{"rendered":"BOTONES de cristal\/ Brillo DE DIAMANTE (Medida 20mm\/Con anilla) Especial para TAPICER\u00cdA"},"content":{"rendered":"<p>BOTONES BRILLANTES CON TALLADO ESPECIAL.<\/p>\n<p>Quieres cambiar la apariencia de una silla o sof\u00e1 sin gastar mucho dinero? Prueba con estos botones decorativos de tapicer\u00eda. Estos botones est\u00e1n hechos de cristales aut\u00e9nticos y duraderos. Cada uno tiene una base de metal con una anilla por donde se mete el hilo y permite tirar para crear la hundidura d\u00e1ndole a la tapicer\u00eda el aspecto de capiton\u00e9. El brillo y el tallado del cristal hace parecer que el bot\u00f3n es de diamante. Es un producto muy utilizado para tapicer\u00eda oriental, decoraci\u00f3n, cojines, salones arabes, etc&#8230; Dale un toque diferente a tu casa!!!!<\/p>\n<p>Especificaciones: Estos botones tienen un tallado especial y cuidadoso que los hace que brillen mas que otros botones. No todos los botones del mercado son igual. La calidad si que importa!!!<\/p>\n<p>Color: transparente y con brillo de diamante. Material: cristales brillantes. Parte trasera: Base de metal con anilla. Tama\u00f1o: Tenemos 20 mm\/25 mm\/30mm<\/p>\n<p>Los monitores no est\u00e1n calibrados de la misma manera, el color del art\u00edculo que se muestra en las fotos puede ser ligeramente diferente del objeto real. Por favor, toma el art\u00edculo real como est\u00e1ndar.<\/p>\n<p>ATENCI\u00d3N! Nosotros no costeamos gastos de devoluciones as\u00ed que aseg\u00farese que es el producto que necesitan antes de comprarlo PORQUE SI DECIDE DEVOLVERLO no nos haremos cargo de los gastos del env\u00edo de la devoluci\u00f3n. Si tiene dudas que necesitan aclaraci\u00f3n p\u00f3ngase en contacto con nosotros antes de comprar. (Tel\u00e9fono 618656689 , email: tapizadosluxor@hotmail.com)<\/p>\n","protected":false},"excerpt":{"rendered":"<p>BOTONES BRILLANTES CON TALLADO ESPECIAL. Quieres cambiar la apariencia de una silla o sof\u00e1 sin gastar mucho dinero? Prueba con estos botones decorativos de tapicer\u00eda. Estos botones est\u00e1n hechos de cristales aut\u00e9nticos y duraderos. Cada uno tiene una base de metal con una anilla por donde se mete el hilo y permite tirar para crear [&hellip;]<\/p>\n","protected":false},"featured_media":3136,"comment_status":"closed","ping_status":"closed","template":"","meta":[],"product_cat":[445,482],"product_tag":[],"class_list":{"0":"post-3138","1":"product","2":"type-product","3":"status-publish","4":"has-post-thumbnail","6":"product_cat-botones-fornituras","7":"product_cat-sin-categoria","8":"product_shipping_class-ofertalux","10":"first","11":"instock","12":"sale","13":"featured","14":"taxable","15":"shipping-taxable","16":"purchasable","17":"product-type-variable"},"jetpack_sharing_enabled":true,"_links":{"self":[{"href":"https:\/\/ofertalux.com\/empresa\/wp-json\/wp\/v2\/product\/3138","targetHints":{"allow":["GET"]}}],"collection":[{"href":"https:\/\/ofertalux.com\/empresa\/wp-json\/wp\/v2\/product"}],"about":[{"href":"https:\/\/ofertalux.com\/empresa\/wp-json\/wp\/v2\/types\/product"}],"replies":[{"embeddable":true,"href":"https:\/\/ofertalux.com\/empresa\/wp-json\/wp\/v2\/comments?post=3138"}],"wp:featuredmedia":[{"embeddable":true,"href":"https:\/\/ofertalux.com\/empresa\/wp-json\/wp\/v2\/media\/3136"}],"wp:attachment":[{"href":"https:\/\/ofertalux.com\/empresa\/wp-json\/wp\/v2\/media?parent=3138"}],"wp:term":[{"taxonomy":"product_cat","embeddable":true,"href":"https:\/\/ofertalux.com\/empresa\/wp-json\/wp\/v2\/product_cat?post=3138"},{"taxonomy":"product_tag","embeddable":true,"href":"https:\/\/ofertalux.com\/empresa\/wp-json\/wp\/v2\/product_tag?post=3138"}],"curies":[{"name":"wp","href":"https:\/\/api.w.org\/{rel}","templated":true}]}}