{"id":3005,"date":"2020-10-19T00:17:50","date_gmt":"2020-10-19T00:17:50","guid":{"rendered":"https:\/\/ofertalux.com\/empresa\/?post_type=product&#038;p=3005"},"modified":"2026-05-04T18:40:53","modified_gmt":"2026-05-04T18:40:53","slug":"caja-de-12-unidades-pegamento-adhesivo-en-spray-para-tapiceria-de-auto","status":"publish","type":"product","link":"https:\/\/ofertalux.com\/empresa\/producto\/caja-de-12-unidades-pegamento-adhesivo-en-spray-para-tapiceria-de-auto\/","title":{"rendered":"Caja de 12 unidades\/Pegamento\/Adhesivo en Spray\/Para Tapicer\u00eda de AUTO"},"content":{"rendered":"","protected":false},"excerpt":{"rendered":"<p><strong>Venta al por mayor. Caja completa de 12 unidades. Cada bote de spray contiene 500ml.<\/strong><\/p>\n<p><strong>Se trata de Pegamento Adhesivo Industrial de ALTA CALIDAD que tiene un uso normal y frecuente en AUTOMOCI\u00d3N para TECHOS y PUERTAS. Adhesivo en spray no clorado Informaci\u00f3n: Formulado sin disolventes clorados. Proporciona uniones permanentes. Tiempo aproximado de secado 2-4 minutos. Es Multiusos: ideal para el pegado y fijado de corcho, espumas, tapicer\u00edas, techos y puertas, papel, moquetas, cart\u00f3n y madera. Pulverizaci\u00f3n regulable para un m\u00e1ximo control y ahorro.<\/strong><\/p>\n","protected":false},"featured_media":2776,"comment_status":"open","ping_status":"closed","template":"","meta":[],"product_cat":[725,21,1812],"product_tag":[2032,1994,2013,2005,2027,2015,2011,2019,2054,2023,2029,2003,2048,1997,2021,2049,2025,2001,2007,2017,2034,1999,2009,2052,2058,2050,2040,2038,877,2035,2036,2037,2053,2033,2028,2012,2020,2024,2004,2008,2000,2016,1996,2065,2047,2046,2044,2014,2006,878,879,2051,1995,2018,2022,2002,2010,1998,2031,2030,2026,2055,2056,2039,876,875,874,873,872,2045,2057,2043,2042,2059,2041,871],"class_list":{"0":"post-3005","1":"product","2":"type-product","3":"status-publish","4":"has-post-thumbnail","6":"product_brand-ambersil","7":"product_cat-auto-materiales-para-tapizar-coches","8":"product_cat-costura-y-tapiceria","9":"product_cat-pegamentos-varios","10":"product_tag-adhesivo-automocion","11":"product_tag-adhesivo-de-contacto-profesional","12":"product_tag-adhesivo-de-larga-duracion","13":"product_tag-adhesivo-de-secado-rapido-profesional","14":"product_tag-adhesivo-de-uso-industrial-avanzado","15":"product_tag-adhesivo-flexible-resistente-al-calor","16":"product_tag-adhesivo-marino-resistente","17":"product_tag-adhesivo-multiaplicacion-profesional","18":"product_tag-adhesivo-multiuso-automocion","19":"product_tag-adhesivo-para-aislamiento-interior","20":"product_tag-adhesivo-para-aplicaciones-exigentes","21":"product_tag-adhesivo-para-cuero-y-polipiel","22":"product_tag-adhesivo-para-espuma","23":"product_tag-adhesivo-para-interiores-de-vehiculos","24":"product_tag-adhesivo-para-materiales-sinteticos","25":"product_tag-adhesivo-para-moqueta","26":"product_tag-adhesivo-para-panelado-interior","27":"product_tag-adhesivo-para-revestimientos-interiores","28":"product_tag-adhesivo-para-superficies-exigentes","29":"product_tag-adhesivo-para-talleres-profesionales","30":"product_tag-adhesivo-para-tapiceria","31":"product_tag-adhesivo-para-techos-de-coche","32":"product_tag-adhesivo-para-tuning-y-personalizacion","33":"product_tag-adhesivo-resistente-al-calor","34":"product_tag-adhesivo-tecnico","35":"product_tag-adhesivo-textil","36":"product_tag-alta-adherencia","37":"product_tag-alta-resistencia-termica","38":"product_tag-ambersil-nc-500","39":"product_tag-aplicacion-a-brocha","40":"product_tag-aplicacion-a-pistola","41":"product_tag-aplicacion-en-spray","42":"product_tag-cola-de-alta-calidad","43":"product_tag-cola-de-contacto","44":"product_tag-cola-de-contacto-de-alto-rendimiento","45":"product_tag-cola-para-embarcaciones","46":"product_tag-cola-para-materiales-porosos","47":"product_tag-cola-para-montaje-de-interiores","48":"product_tag-cola-para-moquetas-y-alfombras","49":"product_tag-cola-para-restauracion-de-vehiculos","50":"product_tag-cola-para-tapiceria-automotriz","51":"product_tag-cola-para-uso-intensivo","52":"product_tag-cola-resistente-a-altas-temperaturas","53":"product_tag-herbe","54":"product_tag-interiores-de-barco","55":"product_tag-interiores-de-coche","56":"product_tag-maleteros","57":"product_tag-pegamento-de-alto-agarre","58":"product_tag-pegamento-de-fijacion-extrema","59":"product_tag-pegamento-en-spray","60":"product_tag-pegamento-en-spray-para-pegar-techo-del-coche","61":"product_tag-pegamento-industrial","62":"product_tag-pegamento-industrial-de-alto-rendimiento","63":"product_tag-pegamento-para-carroceria-interior","64":"product_tag-pegamento-para-espuma-acustica","65":"product_tag-pegamento-para-espuma-y-tejidos","66":"product_tag-pegamento-para-interiores-nauticos","67":"product_tag-pegamento-para-paneles-de-puerta","68":"product_tag-pegamento-profesional-alta-temperatura","69":"product_tag-pegamento-resistente-a-condiciones-extremas","70":"product_tag-pegamento-tecnico-de-automocion","71":"product_tag-reparacion-de-interiores","72":"product_tag-restauracion-automotriz","73":"product_tag-secado-rapido","74":"product_tag-spray-automocion","75":"product_tag-spray-de-alta-temperatura","76":"product_tag-spray-para-pegar-puertas-del-coche","77":"product_tag-spray-para-pegar-tech-de-coche","78":"product_tag-spray-para-tapiceria-de-coche","79":"product_tag-suelos","80":"product_tag-tapiceria-profesional","81":"product_tag-tapizado-de-puertas","82":"product_tag-tapizado-de-techos","83":"product_tag-uso-en-nautica","84":"product_tag-uso-profesional","85":"product_tag-venta-al-por-mayor","86":"product_shipping_class-ofertalux","88":"first","89":"instock","90":"sale","91":"taxable","92":"shipping-taxable","93":"purchasable","94":"product-type-simple"},"jetpack_sharing_enabled":true,"_links":{"self":[{"href":"https:\/\/ofertalux.com\/empresa\/wp-json\/wp\/v2\/product\/3005","targetHints":{"allow":["GET"]}}],"collection":[{"href":"https:\/\/ofertalux.com\/empresa\/wp-json\/wp\/v2\/product"}],"about":[{"href":"https:\/\/ofertalux.com\/empresa\/wp-json\/wp\/v2\/types\/product"}],"replies":[{"embeddable":true,"href":"https:\/\/ofertalux.com\/empresa\/wp-json\/wp\/v2\/comments?post=3005"}],"wp:featuredmedia":[{"embeddable":true,"href":"https:\/\/ofertalux.com\/empresa\/wp-json\/wp\/v2\/media\/2776"}],"wp:attachment":[{"href":"https:\/\/ofertalux.com\/empresa\/wp-json\/wp\/v2\/media?parent=3005"}],"wp:term":[{"taxonomy":"product_cat","embeddable":true,"href":"https:\/\/ofertalux.com\/empresa\/wp-json\/wp\/v2\/product_cat?post=3005"},{"taxonomy":"product_tag","embeddable":true,"href":"https:\/\/ofertalux.com\/empresa\/wp-json\/wp\/v2\/product_tag?post=3005"}],"curies":[{"name":"wp","href":"https:\/\/api.w.org\/{rel}","templated":true}]}}