{"id":2762,"date":"2020-05-15T01:58:22","date_gmt":"2020-05-15T01:58:22","guid":{"rendered":"https:\/\/ofertalux.com\/empresa\/?post_type=product&#038;p=2762"},"modified":"2026-04-05T21:25:32","modified_gmt":"2026-04-05T21:25:32","slug":"pegamento-adhesivo-en-spray-pulverizador-para-tapiceria-de-auto","status":"publish","type":"product","link":"https:\/\/ofertalux.com\/empresa\/producto\/pegamento-adhesivo-en-spray-pulverizador-para-tapiceria-de-auto\/","title":{"rendered":"Pegamento\/Adhesivo en spray pulverizador\/Para Tapicer\u00eda de AUTO"},"content":{"rendered":"<p>Si pides 1 Bote SPRAY se te enviar\u00e1 1 Bote SPRAY que suele ser suficiente para un techo de tama\u00f1o normal (max 2 metros). Si el techo es mas grande o te pasa de echarle necesitar\u00e1s 2 BOTES. Se trata de Pegamento Adhesivo Industrial de ALTA CALIDAD que tiene un uso normal y frecuente en AUTOMOCI\u00d3N para PUERTAS y BAJANTES. Para techo se recomienda (para aplicar a la tela mientras que el pegamento de brocha se aplica al techo). No se recomienda tapizar un techo entero solo con spray porque soporta menos grados de frio\/calor que el pegamento de brocha Vudycol o el pegamento A Pistola Vidycol.<\/p>\n<p>Adhesivo en spray no clorado Informaci\u00f3n: Formulado sin disolventes clorados. Proporciona uniones permanentes. Tiempo aproximado de secado 2-4 minutos. Es Multiusos: ideal para el pegado y fijado de corcho, espumas, tapicer\u00edas, techos y puertas, papel, moquetas, cart\u00f3n y madera. Pulverizaci\u00f3n regulable para un m\u00e1ximo control y ahorro.<\/p>\n","protected":false},"excerpt":{"rendered":"<p>Pegamento AMBERSIL\/ Bote de Spray adhesivo\/ 500ml<\/p>\n<ul>\n<li><span style=\"color: #ff0000\"><strong>SABIAS QUE TENEMOS DESCUENTO POR CANTIDAD? AGREGA 5 unidades AL CARRITO Y CONSIGUE UN 10% DE DESCUENTO EN TU COMPRA<\/strong><\/span><\/li>\n<\/ul>\n<p>Se trata de Pegamento Adhesivo Industrial de ALTA CALIDAD que tiene un uso normal y frecuente en AUTOMOCI\u00d3N para PUERTAS y BAJANTES. Para techo se recomienda (para aplicar a la tela mientras que el pegamento de brocha se aplica al techo). No se recomienda tapizar un techo entero solo con spray porque soporta menos grados de frio\/calor que el pegamento de brocha Vudycol o el pegamento A Pistola Vidycol.<\/p>\n<p>Adhesivo en spray no clorado Informaci\u00f3n: Formulado sin disolventes clorados. Proporciona uniones permanentes. Tiempo aproximado de secado 2-4 minutos. Es Multiusos: ideal para el pegado y fijado de corcho, espumas, tapicer\u00edas, techos y puertas, papel, moquetas, cart\u00f3n y madera. Pulverizaci\u00f3n regulable para un m\u00e1ximo control y ahorro.<\/p>\n","protected":false},"featured_media":2776,"comment_status":"open","ping_status":"closed","template":"","meta":[],"product_cat":[725,21],"product_tag":[1352,1347,1354,1344,1351,1353,1348,878,879,1304,1343],"class_list":{"0":"post-2762","1":"product","2":"type-product","3":"status-publish","4":"has-post-thumbnail","6":"product_cat-auto-materiales-para-tapizar-coches","7":"product_cat-costura-y-tapiceria","8":"product_tag-adhesivo-ambersil","9":"product_tag-adhesivo-en-spray","10":"product_tag-aerosol-para-pegar-techo-de-coche","11":"product_tag-ambersil-nc500","12":"product_tag-cola-ambersil","13":"product_tag-fabrica-ambersil","14":"product_tag-pegamento-aerosol","15":"product_tag-pegamento-en-spray","16":"product_tag-pegamento-en-spray-para-pegar-techo-del-coche","17":"product_tag-pegamento-para-puertas-de-coche","18":"product_tag-spray-ambersil","20":"first","21":"instock","22":"taxable","23":"shipping-taxable","24":"purchasable","25":"product-type-simple"},"jetpack_sharing_enabled":true,"_links":{"self":[{"href":"https:\/\/ofertalux.com\/empresa\/wp-json\/wp\/v2\/product\/2762","targetHints":{"allow":["GET"]}}],"collection":[{"href":"https:\/\/ofertalux.com\/empresa\/wp-json\/wp\/v2\/product"}],"about":[{"href":"https:\/\/ofertalux.com\/empresa\/wp-json\/wp\/v2\/types\/product"}],"replies":[{"embeddable":true,"href":"https:\/\/ofertalux.com\/empresa\/wp-json\/wp\/v2\/comments?post=2762"}],"wp:featuredmedia":[{"embeddable":true,"href":"https:\/\/ofertalux.com\/empresa\/wp-json\/wp\/v2\/media\/2776"}],"wp:attachment":[{"href":"https:\/\/ofertalux.com\/empresa\/wp-json\/wp\/v2\/media?parent=2762"}],"wp:term":[{"taxonomy":"product_cat","embeddable":true,"href":"https:\/\/ofertalux.com\/empresa\/wp-json\/wp\/v2\/product_cat?post=2762"},{"taxonomy":"product_tag","embeddable":true,"href":"https:\/\/ofertalux.com\/empresa\/wp-json\/wp\/v2\/product_tag?post=2762"}],"curies":[{"name":"wp","href":"https:\/\/api.w.org\/{rel}","templated":true}]}}