{"id":2550,"date":"2020-03-27T12:55:24","date_gmt":"2020-03-27T12:55:24","guid":{"rendered":"https:\/\/ofertalux.com\/empresa\/?post_type=product&#038;p=2550"},"modified":"2025-10-17T21:47:49","modified_gmt":"2025-10-17T21:47:49","slug":"forro-tejido-tst-o-tnt-de-50-gramos-por-metro-color-blanco-160ancho","status":"publish","type":"product","link":"https:\/\/ofertalux.com\/empresa\/producto\/forro-tejido-tst-o-tnt-de-50-gramos-por-metro-color-blanco-160ancho\/","title":{"rendered":"Tejido sin tejer \/TNT 40 Gramos\/Venta por metros\/ Color Blanco\/ 160Ancho"},"content":{"rendered":"<p>Tejido TST tambi\u00e9n llamado TNT. Es de 40 gr de grosor, Color BLANCO. A menudo es utilizado para el enfundado de almohadas, manualidades,etc&#8230;<\/p>\n<p>El ancho tiene 160cm. Usted puede comprar los metros que quiera comprendiendo que si usted selecciona 1 unidad significa que quiere comprar 1 metro. Si selecciona 2 unidades=2 \u00a0metros y etc&#8230;. No hay minimo de compra.<\/p>\n<p>El TST o TNT\u00a0 es un tejido si tejer que es una excelente barrera antibacteriana. En diferentes gramajes y colores se utiliza para la confecci\u00f3n de productos desechables sanitarios. A menudo utilizado para la confecci\u00f3n de mascarillas.<\/p>\n<p>Disponible en Color BLANCO.<\/p>\n","protected":false},"excerpt":{"rendered":"<p>Venta por metros. Tejido de 40Gr de grosor. Anchura 160cm.\u00a0 1 unidad= incluye 1 metro<\/p>\n<p><strong>Oferta valida solo para este anuncio y es por tiempo limitado.<\/strong><\/p>\n<p>El TST o TNT\u00a0 es un tejido si tejer que es una excelente barrera antibacteriana.Es repelente a los fluidos. En diferentes gramajes y colores se utiliza para la confecci\u00f3n de productos desechables sanitarios. Es ideal para la confecci\u00f3n de mascarillas en 1, 2 o 3 capas porque al ser mas fino y blando ser\u00e1 mas soportable para el colegio, trabajos,etc&#8230;<br \/>\nDisponible en Color BLANCO hasta fin de existencias.<\/p>\n","protected":false},"featured_media":2994,"comment_status":"open","ping_status":"closed","template":"","meta":[],"product_cat":[21,22,818],"product_tag":[806,183,185,171,174,178,173,172,808,177,809,176,175,810,807,184,170,182,180,169,181,179],"class_list":{"0":"post-2550","1":"product","2":"type-product","3":"status-publish","4":"has-post-thumbnail","6":"product_cat-costura-y-tapiceria","7":"product_cat-telas","8":"product_cat-tnt-tejido-sin-tejer","9":"product_tag-coronavirus","10":"product_tag-fabrica-de-telas","11":"product_tag-fabrica-tnt","12":"product_tag-forro","13":"product_tag-forro-negro","14":"product_tag-forro-para-almoadas","15":"product_tag-forro-para-bajos-de-canapes","16":"product_tag-forro-para-sofas","17":"product_tag-mascarillas-coronavirus","18":"product_tag-tejido-para-enfundar-las-almoadas","19":"product_tag-tejido-sanitario","20":"product_tag-tejido-tnt","21":"product_tag-tejido-tst","22":"product_tag-tela-antbacteriana","23":"product_tag-tela-para-hacer-mascarillas","24":"product_tag-tela-tst","25":"product_tag-tnt","26":"product_tag-tnt-barato","27":"product_tag-tnt-negro","28":"product_tag-tst","29":"product_tag-tst-barato","30":"product_tag-tst-negro","31":"product_shipping_class-ofertalux","33":"first","34":"instock","35":"sale","36":"taxable","37":"shipping-taxable","38":"purchasable","39":"product-type-simple"},"jetpack_sharing_enabled":true,"_links":{"self":[{"href":"https:\/\/ofertalux.com\/empresa\/wp-json\/wp\/v2\/product\/2550","targetHints":{"allow":["GET"]}}],"collection":[{"href":"https:\/\/ofertalux.com\/empresa\/wp-json\/wp\/v2\/product"}],"about":[{"href":"https:\/\/ofertalux.com\/empresa\/wp-json\/wp\/v2\/types\/product"}],"replies":[{"embeddable":true,"href":"https:\/\/ofertalux.com\/empresa\/wp-json\/wp\/v2\/comments?post=2550"}],"wp:featuredmedia":[{"embeddable":true,"href":"https:\/\/ofertalux.com\/empresa\/wp-json\/wp\/v2\/media\/2994"}],"wp:attachment":[{"href":"https:\/\/ofertalux.com\/empresa\/wp-json\/wp\/v2\/media?parent=2550"}],"wp:term":[{"taxonomy":"product_cat","embeddable":true,"href":"https:\/\/ofertalux.com\/empresa\/wp-json\/wp\/v2\/product_cat?post=2550"},{"taxonomy":"product_tag","embeddable":true,"href":"https:\/\/ofertalux.com\/empresa\/wp-json\/wp\/v2\/product_tag?post=2550"}],"curies":[{"name":"wp","href":"https:\/\/api.w.org\/{rel}","templated":true}]}}