{"id":1888,"date":"2019-02-24T13:54:00","date_gmt":"2019-02-24T13:54:00","guid":{"rendered":"https:\/\/ofertalux.com\/empresa\/?post_type=product&#038;p=1888"},"modified":"2026-01-02T22:37:42","modified_gmt":"2026-01-02T22:37:42","slug":"cincha-elastica-superior-para-tapiceria-6cm-venta-por-metros-sueltos","status":"publish","type":"product","link":"https:\/\/ofertalux.com\/empresa\/producto\/cincha-elastica-superior-para-tapiceria-6cm-venta-por-metros-sueltos\/","title":{"rendered":"Cincha el\u00e1stica Superior para tapicer\u00eda 6cm\/Venta por metros sueltos"},"content":{"rendered":"","protected":false},"excerpt":{"rendered":"<p>Cincha el\u00e1stica Superior para tapicer\u00eda\/Venta por metros sueltos<\/p>\n<p><strong>Cincha el\u00e1stica<\/strong>\u00a0Profesional para el cinchado de asientos y respaldos.<\/p>\n<p>Si selecciona 1 unidad = significa que comprar\u00e1 1 metro<\/p>\n<p>Las cinchas el\u00e1sticas son utilizadas en tapicer\u00eda tanto en el cinchado de asientos como en el de respaldos de sof\u00e1s, sillones, butacas etc. Su colocaci\u00f3n puede ser manual o a m\u00e1quina. En el cinchado manual la cincha m\u00e1s com\u00fan es la de 6cm SUPERIOR.<\/p>\n","protected":false},"featured_media":3436,"comment_status":"closed","ping_status":"closed","template":"","meta":[],"product_cat":[706],"product_tag":[1219,1225,1222,1220,1229,1223,1226,1227,1224,1221,1228],"class_list":{"0":"post-1888","1":"product","2":"type-product","3":"status-publish","4":"has-post-thumbnail","6":"product_cat-cincha-elastica","7":"product_tag-cincha-elastica","8":"product_tag-cincha-para-tapiceria","9":"product_tag-cincha-para-tapizar","10":"product_tag-cincha-verde","11":"product_tag-goma-elastica-para-sillones-y-sofas","12":"product_tag-goma-para-sillas","13":"product_tag-goma-para-sofas","14":"product_tag-goma-para-sofas-hundidos","15":"product_tag-goma-para-tapizar-sillas","16":"product_tag-gomas-para-reforzar-los-sofas","17":"product_tag-gomas-para-reforzar-sillones","18":"product_shipping_class-ofertalux","20":"first","21":"instock","22":"taxable","23":"shipping-taxable","24":"purchasable","25":"product-type-variable"},"jetpack_sharing_enabled":true,"_links":{"self":[{"href":"https:\/\/ofertalux.com\/empresa\/wp-json\/wp\/v2\/product\/1888","targetHints":{"allow":["GET"]}}],"collection":[{"href":"https:\/\/ofertalux.com\/empresa\/wp-json\/wp\/v2\/product"}],"about":[{"href":"https:\/\/ofertalux.com\/empresa\/wp-json\/wp\/v2\/types\/product"}],"replies":[{"embeddable":true,"href":"https:\/\/ofertalux.com\/empresa\/wp-json\/wp\/v2\/comments?post=1888"}],"wp:featuredmedia":[{"embeddable":true,"href":"https:\/\/ofertalux.com\/empresa\/wp-json\/wp\/v2\/media\/3436"}],"wp:attachment":[{"href":"https:\/\/ofertalux.com\/empresa\/wp-json\/wp\/v2\/media?parent=1888"}],"wp:term":[{"taxonomy":"product_cat","embeddable":true,"href":"https:\/\/ofertalux.com\/empresa\/wp-json\/wp\/v2\/product_cat?post=1888"},{"taxonomy":"product_tag","embeddable":true,"href":"https:\/\/ofertalux.com\/empresa\/wp-json\/wp\/v2\/product_tag?post=1888"}],"curies":[{"name":"wp","href":"https:\/\/api.w.org\/{rel}","templated":true}]}}