{"id":1886,"date":"2019-02-24T14:07:55","date_gmt":"2019-02-24T14:07:55","guid":{"rendered":"https:\/\/ofertalux.com\/empresa\/?post_type=product&#038;p=1886"},"modified":"2026-01-03T15:38:36","modified_gmt":"2026-01-03T15:38:36","slug":"cincha-elastica-superior-para-tapiceria-rollo-de-100-metros","status":"publish","type":"product","link":"https:\/\/ofertalux.com\/empresa\/producto\/cincha-elastica-superior-para-tapiceria-rollo-de-100-metros\/","title":{"rendered":"Cincha el\u00e1stica Superior para tapicer\u00eda\/Rollo de 100 metros"},"content":{"rendered":"","protected":false},"excerpt":{"rendered":"<p>Cincha el\u00e1stica Superior para tapicer\u00eda\/Rollo de 100 metros x 6cm ancho\/<\/p>\n<p><strong>Cincha el\u00e1stica<\/strong>\u00a0Profesional para el cinchado de asientos y respaldos.<\/p>\n<p>Las cinchas el\u00e1sticas son utilizadas en tapicer\u00eda tanto en el cinchado de asientos como en el de respaldos de sof\u00e1s, sillones, butacas etc. Su colocaci\u00f3n puede ser manual o a m\u00e1quina. En el cinchado manual la cincha m\u00e1s com\u00fan es la de 6cm SUPERIOR.<\/p>\n","protected":false},"featured_media":3435,"comment_status":"open","ping_status":"closed","template":"","meta":[],"product_cat":[706],"product_tag":[1219,1225,1222,1220,1229,1223,1226,1227,1224,1221,1228],"class_list":{"0":"post-1886","1":"product","2":"type-product","3":"status-publish","4":"has-post-thumbnail","6":"product_cat-cincha-elastica","7":"product_tag-cincha-elastica","8":"product_tag-cincha-para-tapiceria","9":"product_tag-cincha-para-tapizar","10":"product_tag-cincha-verde","11":"product_tag-goma-elastica-para-sillones-y-sofas","12":"product_tag-goma-para-sillas","13":"product_tag-goma-para-sofas","14":"product_tag-goma-para-sofas-hundidos","15":"product_tag-goma-para-tapizar-sillas","16":"product_tag-gomas-para-reforzar-los-sofas","17":"product_tag-gomas-para-reforzar-sillones","18":"product_shipping_class-ofertalux","20":"first","21":"instock","22":"taxable","23":"shipping-taxable","24":"purchasable","25":"product-type-variable"},"jetpack_sharing_enabled":true,"_links":{"self":[{"href":"https:\/\/ofertalux.com\/empresa\/wp-json\/wp\/v2\/product\/1886","targetHints":{"allow":["GET"]}}],"collection":[{"href":"https:\/\/ofertalux.com\/empresa\/wp-json\/wp\/v2\/product"}],"about":[{"href":"https:\/\/ofertalux.com\/empresa\/wp-json\/wp\/v2\/types\/product"}],"replies":[{"embeddable":true,"href":"https:\/\/ofertalux.com\/empresa\/wp-json\/wp\/v2\/comments?post=1886"}],"wp:featuredmedia":[{"embeddable":true,"href":"https:\/\/ofertalux.com\/empresa\/wp-json\/wp\/v2\/media\/3435"}],"wp:attachment":[{"href":"https:\/\/ofertalux.com\/empresa\/wp-json\/wp\/v2\/media?parent=1886"}],"wp:term":[{"taxonomy":"product_cat","embeddable":true,"href":"https:\/\/ofertalux.com\/empresa\/wp-json\/wp\/v2\/product_cat?post=1886"},{"taxonomy":"product_tag","embeddable":true,"href":"https:\/\/ofertalux.com\/empresa\/wp-json\/wp\/v2\/product_tag?post=1886"}],"curies":[{"name":"wp","href":"https:\/\/api.w.org\/{rel}","templated":true}]}}