{"id":1745,"date":"2018-09-20T19:55:24","date_gmt":"2018-09-20T19:55:24","guid":{"rendered":"https:\/\/ofertalux.com\/empresa\/?post_type=product&#038;p=1745"},"modified":"2019-05-23T08:32:31","modified_gmt":"2019-05-23T08:32:31","slug":"prensatelas-para-coser-cordon-macarron-tuberia","status":"publish","type":"product","link":"https:\/\/ofertalux.com\/empresa\/producto\/prensatelas-para-coser-cordon-macarron-tuberia\/","title":{"rendered":"Prensatelas para cord\u00f3n\/macarr\u00f3n\/tuber\u00eda"},"content":{"rendered":"","protected":false},"excerpt":{"rendered":"<div data-spm-anchor-id=\"a219c.10010108.1000023.i4.181e4671MGzOCk\">Estos pies de tuber\u00eda est\u00e1n con bisagras para una f\u00e1cil costura sobre costuras y superficies desiguales.<\/div>\n<div>La tuber\u00eda caer\u00e1 por el lado izquierdo de la aguja.<\/div>\n<div data-spm-anchor-id=\"a219c.10010108.1000023.i7.181e4671MGzOCk\">Estos pies de alta calidad trabajar\u00e1n en la mayor\u00eda de las m\u00e1quinas de coser industriales de una sola aguja (incluido Alfa, Brother, etc&#8230; de simple arrastre). Si no encuentra su maquina en la lista f\u00edjese en el encaje porque podr\u00eda ser compatible igualmente si el encaje coincide (excepto las maquinas que tienen el mismo encaje pero tienen pie super-alto de 4cm). Si tiene duda p\u00f3ngase en contacto con nosotros antes de comprar.<\/div>\n<div><\/div>\n<div data-spm-anchor-id=\"a219c.10010108.1000023.i5.181e4671MGzOCk\">Brother: B705, B707, B715, B716, B735, B737, B738, B745, B755, b757, B758, B767, B781, PQ1300, PQ1500<\/div>\n<div><\/div>\n<div>CONSEW: 30, 98, 99, 102, 103, 105, 210, 217, 218, 219, 220, 230, 290, 310, 2230, 7360R-1<\/div>\n<div><\/div>\n<div>ECONOSEW: DDL-8500, DDL-8700<\/div>\n<div><\/div>\n<div data-spm-anchor-id=\"a219c.10010108.1000023.i6.181e4671MGzOCk\">GEMSY: 8500, 8700<\/div>\n<div><\/div>\n<div>JANOME: 1600P-DB, 1600P-DBX<\/div>\n<div><\/div>\n<div>JUKI: DDL-127, DDL-227, DDL-500, DDL-552, DDL-553, DDL-555, DDL-5550, DDL-5600, DDL-8300, DDL-8500, DDL-8700, DDL-8900, DDL-9000, TL98E, TL98Q<\/div>\n<div><\/div>\n<div>MITSUBISHI: DB-120, DB-121, DB-130, DB-170, DB-189, DB-199, LS2-130, LS2-150, LS2-180, LS2-190, LS2-1130<\/div>\n<div><\/div>\n<div>Confiable: MSK-8800, MSK-8550M, MSK-8870M<\/div>\n<div><\/div>\n<div>REX: RX8500<\/div>\n<div><\/div>\n<div>Cantante: 95, 96, 120U, 121C, 121D, 188 K, 191D, 195 K, 196 K, 241, 251, 281, 366 K, 400 W, 402 W, 451 K, 491D, 591D, 600 W, 660A, 691D, 770D, 771D, 2191, 2491D<\/div>\n<div><\/div>\n<div>SUNSTAR: KM-123A, KM-123B, KM-137A, KM-137B, KM-146BL, KM-250<\/div>\n<div><\/div>\n<div>TACSEW: 5550, 8500, T8700<\/div>\n<div><\/div>\n<div>TK-505, TK-510<\/div>\n<div><\/div>\n<div>YAMATA: FY8500, FY8700<\/div>\n","protected":false},"featured_media":1726,"comment_status":"open","ping_status":"closed","template":"","meta":[],"product_cat":[25],"product_tag":[],"class_list":{"0":"post-1745","1":"product","2":"type-product","3":"status-publish","4":"has-post-thumbnail","6":"product_cat-recambios-para-maquinas-de-coser","8":"first","9":"instock","10":"taxable","11":"shipping-taxable","12":"purchasable","13":"product-type-variable"},"jetpack_sharing_enabled":true,"_links":{"self":[{"href":"https:\/\/ofertalux.com\/empresa\/wp-json\/wp\/v2\/product\/1745","targetHints":{"allow":["GET"]}}],"collection":[{"href":"https:\/\/ofertalux.com\/empresa\/wp-json\/wp\/v2\/product"}],"about":[{"href":"https:\/\/ofertalux.com\/empresa\/wp-json\/wp\/v2\/types\/product"}],"replies":[{"embeddable":true,"href":"https:\/\/ofertalux.com\/empresa\/wp-json\/wp\/v2\/comments?post=1745"}],"wp:featuredmedia":[{"embeddable":true,"href":"https:\/\/ofertalux.com\/empresa\/wp-json\/wp\/v2\/media\/1726"}],"wp:attachment":[{"href":"https:\/\/ofertalux.com\/empresa\/wp-json\/wp\/v2\/media?parent=1745"}],"wp:term":[{"taxonomy":"product_cat","embeddable":true,"href":"https:\/\/ofertalux.com\/empresa\/wp-json\/wp\/v2\/product_cat?post=1745"},{"taxonomy":"product_tag","embeddable":true,"href":"https:\/\/ofertalux.com\/empresa\/wp-json\/wp\/v2\/product_tag?post=1745"}],"curies":[{"name":"wp","href":"https:\/\/api.w.org\/{rel}","templated":true}]}}