{"id":1479,"date":"2018-04-05T11:23:27","date_gmt":"2018-04-05T11:23:27","guid":{"rendered":"https:\/\/ofertalux.com\/empresa\/?post_type=product&#038;p=1479"},"modified":"2023-05-17T20:01:57","modified_gmt":"2023-05-17T20:01:57","slug":"cursores-nikel-para-cremallera-malla3-m3-venta-por-unidades","status":"publish","type":"product","link":"https:\/\/ofertalux.com\/empresa\/producto\/cursores-nikel-para-cremallera-malla3-m3-venta-por-unidades\/","title":{"rendered":"Cursores NIKEL para cremallera Malla3 \/M3-Venta por unidades"},"content":{"rendered":"<p>Los cursores M3 son compatibles con cremallera continua Malla 3 o M3<\/p>\n<p>Precio por unidad<\/p>\n<p>Color NIKEL (es compatible con cualquier color de cremallera M3)<\/p>\n<p>Una vez hecho el pedido y pagado, lo recibir\u00e1 en un plazo de 5-8 d\u00edas porque son cosas que hay que tienen que llegarnos del almac\u00e9n.<\/p>\n","protected":false},"excerpt":{"rendered":"<p>Los cursores M3 son compatibles con cremallera continua Malla 3 o M3 Precio por unidad Color NIKEL (es compatible con cualquier color de cremallera M3) Una vez hecho el pedido y pagado, lo recibir\u00e1 en un plazo de 5-8 d\u00edas porque son cosas que hay que tienen que llegarnos del almac\u00e9n.<\/p>\n","protected":false},"featured_media":1478,"comment_status":"open","ping_status":"closed","template":"","meta":[],"product_cat":[21,330],"product_tag":[412,414,423,424,431,422,410,419,416,418,413,417,430,411,420,421,429],"class_list":{"0":"post-1479","1":"product","2":"type-product","3":"status-publish","4":"has-post-thumbnail","6":"product_cat-costura-y-tapiceria","7":"product_cat-cremalleras","8":"product_tag-cierre-para-cremallera","9":"product_tag-cierre-para-cremallera-continua","10":"product_tag-cierres-nikel","11":"product_tag-cierres-niquel","12":"product_tag-comprar-cierres-para-cremallera","13":"product_tag-comprar-cursores-para-cremallera-continua","14":"product_tag-cursores","15":"product_tag-cursores-color-niquel","16":"product_tag-cursores-fabrica","17":"product_tag-cursores-nikel","18":"product_tag-cursores-para-cremallera","19":"product_tag-cursores-para-cremallera-de-tapiceria","20":"product_tag-cursores-sueltos-para-cremallera","21":"product_tag-tiradores","22":"product_tag-tiradores-nikel","23":"product_tag-tiradores-niquel","24":"product_tag-venta-de-cursores","26":"first","27":"outofstock","28":"taxable","29":"shipping-taxable","30":"purchasable","31":"product-type-simple"},"jetpack_sharing_enabled":true,"_links":{"self":[{"href":"https:\/\/ofertalux.com\/empresa\/wp-json\/wp\/v2\/product\/1479","targetHints":{"allow":["GET"]}}],"collection":[{"href":"https:\/\/ofertalux.com\/empresa\/wp-json\/wp\/v2\/product"}],"about":[{"href":"https:\/\/ofertalux.com\/empresa\/wp-json\/wp\/v2\/types\/product"}],"replies":[{"embeddable":true,"href":"https:\/\/ofertalux.com\/empresa\/wp-json\/wp\/v2\/comments?post=1479"}],"wp:featuredmedia":[{"embeddable":true,"href":"https:\/\/ofertalux.com\/empresa\/wp-json\/wp\/v2\/media\/1478"}],"wp:attachment":[{"href":"https:\/\/ofertalux.com\/empresa\/wp-json\/wp\/v2\/media?parent=1479"}],"wp:term":[{"taxonomy":"product_cat","embeddable":true,"href":"https:\/\/ofertalux.com\/empresa\/wp-json\/wp\/v2\/product_cat?post=1479"},{"taxonomy":"product_tag","embeddable":true,"href":"https:\/\/ofertalux.com\/empresa\/wp-json\/wp\/v2\/product_tag?post=1479"}],"curies":[{"name":"wp","href":"https:\/\/api.w.org\/{rel}","templated":true}]}}