{"id":1442,"date":"2018-03-29T16:35:15","date_gmt":"2018-03-29T16:35:15","guid":{"rendered":"https:\/\/ofertalux.com\/empresa\/?post_type=product&#038;p=1442"},"modified":"2026-01-05T22:04:16","modified_gmt":"2026-01-05T22:04:16","slug":"velcro-ancho-2cm-rollo-de-25-metros","status":"publish","type":"product","link":"https:\/\/ofertalux.com\/empresa\/producto\/velcro-ancho-2cm-rollo-de-25-metros\/","title":{"rendered":"Velcro Ancho 2cm\/Rollo de 25 metros"},"content":{"rendered":"","protected":false},"excerpt":{"rendered":"<p>Sistema de apertura, cierre o amarre r\u00e1pido. Muy utilizado para la sujeci\u00f3n de las almohadas al sof\u00e1.<\/p>\n<p>Comprar una unidad equivale a comprar 1 Rollo de velcro de 25 metros x 2cm de ancho.<\/p>\n<p>Es importante que seleccione el color que quieres comprar (Beige,gris,blanco o negro) y el tipo del velcro (hembra o macho)<\/p>\n<p>Debe saber que el velcro hembra es el de la parte suave y el velcro macho el de la parte rugosa.<\/p>\n<p>Los pedidos salen en aproximadamente 5-8 d\u00edas desde nuestro almac\u00e9n.<\/p>\n","protected":false},"featured_media":1379,"comment_status":"open","ping_status":"closed","template":"","meta":[],"product_cat":[367],"product_tag":[390,383,407,384,386,404,403,406,405,379,378,389,380,385,382,388,387,381],"class_list":{"0":"post-1442","1":"product","2":"type-product","3":"status-publish","4":"has-post-thumbnail","6":"product_cat-velcros","7":"product_tag-comprar-velcro-online","8":"product_tag-dacro","9":"product_tag-dacro-por-rollo","10":"product_tag-dacros","11":"product_tag-metraje-de-velcro","12":"product_tag-rollo-de-dacro","13":"product_tag-rollo-de-velcro","14":"product_tag-rollos-completos-de-velcro","15":"product_tag-rvelcro-al-por-mayor","16":"product_tag-velcro-20mm","17":"product_tag-velcro-2cm","18":"product_tag-velcro-a-buen-precio","19":"product_tag-velcro-para-coser","20":"product_tag-velcro-por-metraje","21":"product_tag-velcros","22":"product_tag-velcros-al-por-mayor","23":"product_tag-velcros-de-alta-calidad","24":"product_tag-velcros-para-tapiceria","26":"first","27":"instock","28":"taxable","29":"shipping-taxable","30":"purchasable","31":"product-type-variable","32":"has-default-attributes"},"jetpack_sharing_enabled":true,"_links":{"self":[{"href":"https:\/\/ofertalux.com\/empresa\/wp-json\/wp\/v2\/product\/1442","targetHints":{"allow":["GET"]}}],"collection":[{"href":"https:\/\/ofertalux.com\/empresa\/wp-json\/wp\/v2\/product"}],"about":[{"href":"https:\/\/ofertalux.com\/empresa\/wp-json\/wp\/v2\/types\/product"}],"replies":[{"embeddable":true,"href":"https:\/\/ofertalux.com\/empresa\/wp-json\/wp\/v2\/comments?post=1442"}],"wp:featuredmedia":[{"embeddable":true,"href":"https:\/\/ofertalux.com\/empresa\/wp-json\/wp\/v2\/media\/1379"}],"wp:attachment":[{"href":"https:\/\/ofertalux.com\/empresa\/wp-json\/wp\/v2\/media?parent=1442"}],"wp:term":[{"taxonomy":"product_cat","embeddable":true,"href":"https:\/\/ofertalux.com\/empresa\/wp-json\/wp\/v2\/product_cat?post=1442"},{"taxonomy":"product_tag","embeddable":true,"href":"https:\/\/ofertalux.com\/empresa\/wp-json\/wp\/v2\/product_tag?post=1442"}],"curies":[{"name":"wp","href":"https:\/\/api.w.org\/{rel}","templated":true}]}}