{"id":1407,"date":"2018-03-29T15:47:51","date_gmt":"2018-03-29T15:47:51","guid":{"rendered":"https:\/\/ofertalux.com\/empresa\/?post_type=product&#038;p=1407"},"modified":"2026-01-05T21:44:42","modified_gmt":"2026-01-05T21:44:42","slug":"velcro-ancho-5cm-venta-por-metros","status":"publish","type":"product","link":"https:\/\/ofertalux.com\/empresa\/producto\/velcro-ancho-5cm-venta-por-metros\/","title":{"rendered":"Velcro Ancho 5cm\/Venta por metros"},"content":{"rendered":"","protected":false},"excerpt":{"rendered":"<p>Sistema de apertura, cierre o amarre r\u00e1pido. Muy utilizado para la sujeci\u00f3n de las almohadas al sof\u00e1.<\/p>\n<p>Comprar una unidad equivale a comprar 1 metro de velcro de 5cm de ancho.<\/p>\n<p>Es importante que seleccione el color que quieres comprar (Beige,gris,blanco o negro) y el tipo del velcro (hembra o macho)<\/p>\n<p>Debe saber que el velcro hembra es el de la parte suave y el velcro macho el de la parte rugosa.<\/p>\n<p>Los pedidos salen en aproximadamente 5-8 d\u00edas desde nuestro almac\u00e9n.<\/p>\n","protected":false},"featured_media":1379,"comment_status":"open","ping_status":"closed","template":"","meta":[],"product_cat":[367],"product_tag":[390,383,397,396,386,395,394,389,398,380,399,385,382,388,387,381],"class_list":{"0":"post-1407","1":"product","2":"type-product","3":"status-publish","4":"has-post-thumbnail","6":"product_cat-velcros","7":"product_tag-comprar-velcro-online","8":"product_tag-dacro","9":"product_tag-dacro-50mm","10":"product_tag-dacro-5cm","11":"product_tag-metraje-de-velcro","12":"product_tag-velcro-5-cm","13":"product_tag-velcro-50mm","14":"product_tag-velcro-a-buen-precio","15":"product_tag-velcro-de-alta-calidad","16":"product_tag-velcro-para-coser","17":"product_tag-velcro-para-tapizar","18":"product_tag-velcro-por-metraje","19":"product_tag-velcros","20":"product_tag-velcros-al-por-mayor","21":"product_tag-velcros-de-alta-calidad","22":"product_tag-velcros-para-tapiceria","24":"first","25":"instock","26":"taxable","27":"shipping-taxable","28":"purchasable","29":"product-type-variable","30":"has-default-attributes"},"jetpack_sharing_enabled":true,"_links":{"self":[{"href":"https:\/\/ofertalux.com\/empresa\/wp-json\/wp\/v2\/product\/1407","targetHints":{"allow":["GET"]}}],"collection":[{"href":"https:\/\/ofertalux.com\/empresa\/wp-json\/wp\/v2\/product"}],"about":[{"href":"https:\/\/ofertalux.com\/empresa\/wp-json\/wp\/v2\/types\/product"}],"replies":[{"embeddable":true,"href":"https:\/\/ofertalux.com\/empresa\/wp-json\/wp\/v2\/comments?post=1407"}],"wp:featuredmedia":[{"embeddable":true,"href":"https:\/\/ofertalux.com\/empresa\/wp-json\/wp\/v2\/media\/1379"}],"wp:attachment":[{"href":"https:\/\/ofertalux.com\/empresa\/wp-json\/wp\/v2\/media?parent=1407"}],"wp:term":[{"taxonomy":"product_cat","embeddable":true,"href":"https:\/\/ofertalux.com\/empresa\/wp-json\/wp\/v2\/product_cat?post=1407"},{"taxonomy":"product_tag","embeddable":true,"href":"https:\/\/ofertalux.com\/empresa\/wp-json\/wp\/v2\/product_tag?post=1407"}],"curies":[{"name":"wp","href":"https:\/\/api.w.org\/{rel}","templated":true}]}}