{"id":1390,"date":"2018-03-28T15:06:46","date_gmt":"2018-03-28T15:06:46","guid":{"rendered":"https:\/\/ofertalux.com\/empresa\/?post_type=product&#038;p=1390"},"modified":"2026-01-05T21:54:03","modified_gmt":"2026-01-05T21:54:03","slug":"velcro-ancho-3cm-venta-por-metros","status":"publish","type":"product","link":"https:\/\/ofertalux.com\/empresa\/producto\/velcro-ancho-3cm-venta-por-metros\/","title":{"rendered":"Velcro Ancho 3cm\/Venta por metros"},"content":{"rendered":"","protected":false},"excerpt":{"rendered":"<p>Sistema de apertura, cierre o amarre r\u00e1pido. Muy utilizado para la sujeci\u00f3n de las almohadas al sof\u00e1.<\/p>\n<p>Comprar una unidad equivale a comprar 1 metro de velcro de 3cm de ancho.<\/p>\n<p>Es importante que seleccione el color que quieres comprar (Beige,gris,blanco o negro) y el tipo del velcro (hembra o macho)<\/p>\n<p>Debe saber que el velcro hembra es el de la parte suave y el velcro macho el de la parte rugosa.<\/p>\n<p>Los pedidos salen en aproximadamente 5-8 d\u00edas desde nuestro almac\u00e9n.<\/p>\n","protected":false},"featured_media":1379,"comment_status":"open","ping_status":"closed","template":"","meta":[],"product_cat":[367],"product_tag":[390,383,386,393,392,391,389,380,385,382,388,387,381],"class_list":{"0":"post-1390","1":"product","2":"type-product","3":"status-publish","4":"has-post-thumbnail","6":"product_cat-velcros","7":"product_tag-comprar-velcro-online","8":"product_tag-dacro","9":"product_tag-metraje-de-velcro","10":"product_tag-velcro-3-centimetros","11":"product_tag-velcro-30mm","12":"product_tag-velcro-3cm","13":"product_tag-velcro-a-buen-precio","14":"product_tag-velcro-para-coser","15":"product_tag-velcro-por-metraje","16":"product_tag-velcros","17":"product_tag-velcros-al-por-mayor","18":"product_tag-velcros-de-alta-calidad","19":"product_tag-velcros-para-tapiceria","21":"first","22":"instock","23":"taxable","24":"shipping-taxable","25":"purchasable","26":"product-type-variable","27":"has-default-attributes"},"jetpack_sharing_enabled":true,"_links":{"self":[{"href":"https:\/\/ofertalux.com\/empresa\/wp-json\/wp\/v2\/product\/1390","targetHints":{"allow":["GET"]}}],"collection":[{"href":"https:\/\/ofertalux.com\/empresa\/wp-json\/wp\/v2\/product"}],"about":[{"href":"https:\/\/ofertalux.com\/empresa\/wp-json\/wp\/v2\/types\/product"}],"replies":[{"embeddable":true,"href":"https:\/\/ofertalux.com\/empresa\/wp-json\/wp\/v2\/comments?post=1390"}],"wp:featuredmedia":[{"embeddable":true,"href":"https:\/\/ofertalux.com\/empresa\/wp-json\/wp\/v2\/media\/1379"}],"wp:attachment":[{"href":"https:\/\/ofertalux.com\/empresa\/wp-json\/wp\/v2\/media?parent=1390"}],"wp:term":[{"taxonomy":"product_cat","embeddable":true,"href":"https:\/\/ofertalux.com\/empresa\/wp-json\/wp\/v2\/product_cat?post=1390"},{"taxonomy":"product_tag","embeddable":true,"href":"https:\/\/ofertalux.com\/empresa\/wp-json\/wp\/v2\/product_tag?post=1390"}],"curies":[{"name":"wp","href":"https:\/\/api.w.org\/{rel}","templated":true}]}}