{"id":1234,"date":"2018-01-01T16:34:56","date_gmt":"2018-01-01T16:34:56","guid":{"rendered":"https:\/\/ofertalux.com\/empresa\/?post_type=product&#038;p=1234"},"modified":"2026-04-15T19:53:05","modified_gmt":"2026-04-15T19:53:05","slug":"rollo-cremallera-beis-200metros-malla-5-3cm","status":"publish","type":"product","link":"https:\/\/ofertalux.com\/empresa\/producto\/rollo-cremallera-beis-200metros-malla-5-3cm\/","title":{"rendered":"Rollo Cremallera BEIS 100metros\/Malla 5 (3cm)"},"content":{"rendered":"<ul>\n<li>Cremallera Malla 5 (3cm de ancho)<\/li>\n<li>Estas cremalleras son un producto muy \u00fatil, si quiere usted fabricar o reparar un coj\u00edn de decoraci\u00f3n o un almohad\u00f3n para su hogar. Tambi\u00e9n puede utilizarlas en fundas para colch\u00f3n y cualquier producto de decoraci\u00f3n del hogar.<br \/>\nPara montar la cremallera, se pone el cursor separando un peque\u00f1o trozo de la cremallera por uno de los extremos, se introduce en uno de los lados uno de los rieles del cursor, siempre en la posici\u00f3n como si fu\u00e9semos a cerrar la cremallera y luego, el otro lado en el otro riel, doblando y uniendo las telas lo m\u00e1s igualadas posibles, sujetamos con los dos dedos de una mano para que queden derechos los rieles y con la otra tiramos del cursor suavemente. Y ya est\u00e1 montada. De esta forma podemos cortarla a la medida que necesitemos en cada trabajo. Una vez montada la cremallera se cose a las piezas que queramos unir.<\/li>\n<li>Cremallera malla 5 (3 cms) para telas m\u00e1s gruesas y pesadas (fundas de almohadones de asiento y respaldo).<\/li>\n<li>1 Rollo incluye 100 metros<\/li>\n<li>La compra del rollo de cremallera no incluye cursores. Tiene que comprarlos aparte.<\/li>\n<li>Por favor lea bien antes de comprar.<\/li>\n<\/ul>\n","protected":false},"excerpt":{"rendered":"<p>Cremallera malla 5 (3 cms) para telas m\u00e1s gruesas y pesadas (fundas de almohadones de asiento y respaldo).<\/p>\n<p>La compra de la cremallera no incluye los cursores. Esos se compran aparte. El precio es por rollo de 100 metros.<\/p>\n<p>1 unidad=1 Rollo de cremallera de 100metros<\/p>\n","protected":false},"featured_media":1229,"comment_status":"open","ping_status":"closed","template":"","meta":[],"product_cat":[21,330],"product_tag":[],"class_list":{"0":"post-1234","1":"product","2":"type-product","3":"status-publish","4":"has-post-thumbnail","6":"product_cat-costura-y-tapiceria","7":"product_cat-cremalleras","8":"product_shipping_class-ofertalux","10":"first","11":"instock","12":"taxable","13":"shipping-taxable","14":"purchasable","15":"product-type-simple"},"jetpack_sharing_enabled":true,"_links":{"self":[{"href":"https:\/\/ofertalux.com\/empresa\/wp-json\/wp\/v2\/product\/1234","targetHints":{"allow":["GET"]}}],"collection":[{"href":"https:\/\/ofertalux.com\/empresa\/wp-json\/wp\/v2\/product"}],"about":[{"href":"https:\/\/ofertalux.com\/empresa\/wp-json\/wp\/v2\/types\/product"}],"replies":[{"embeddable":true,"href":"https:\/\/ofertalux.com\/empresa\/wp-json\/wp\/v2\/comments?post=1234"}],"wp:featuredmedia":[{"embeddable":true,"href":"https:\/\/ofertalux.com\/empresa\/wp-json\/wp\/v2\/media\/1229"}],"wp:attachment":[{"href":"https:\/\/ofertalux.com\/empresa\/wp-json\/wp\/v2\/media?parent=1234"}],"wp:term":[{"taxonomy":"product_cat","embeddable":true,"href":"https:\/\/ofertalux.com\/empresa\/wp-json\/wp\/v2\/product_cat?post=1234"},{"taxonomy":"product_tag","embeddable":true,"href":"https:\/\/ofertalux.com\/empresa\/wp-json\/wp\/v2\/product_tag?post=1234"}],"curies":[{"name":"wp","href":"https:\/\/api.w.org\/{rel}","templated":true}]}}