{"id":56,"date":"2017-05-14T13:13:37","date_gmt":"2017-05-14T13:13:37","guid":{"rendered":"http:\/\/ofertalux.com\/empresa\/?page_id=56"},"modified":"2020-05-01T17:57:15","modified_gmt":"2020-05-01T17:57:15","slug":"envios-y-devoluciones","status":"publish","type":"page","link":"https:\/\/ofertalux.com\/empresa\/envios-y-devoluciones\/","title":{"rendered":"Env\u00edos y devoluciones"},"content":{"rendered":"<h3>Env\u00edos y entregas<\/h3>\n<p><strong>Los paquetes se env\u00edan generalmente en el plazo de 1-2 d\u00edas despu\u00e9s del recibo del pago (siempre y cuando tengamos stock). Si son pedidos bajo demanda lo avisamos en la pagina del producto correspondiente. Si hay que fabricar el producto se tarda mas (seg\u00fan el producto deseado).\u00a0<\/strong>Si tiene dudas p\u00f3ngase en contacto con nosotros antes de comprar.<\/p>\n<p><strong>Por ahora hay 2 tipos de transporte:<\/strong><\/p>\n<p><strong>1: Env\u00edo Est\u00e1ndar OFERTALUX\u00a0(La mayor\u00eda de los paquetes se env\u00edan con GLS<\/strong>) (2-3 d\u00edas laborables)<\/p>\n<p><strong>2:<\/strong>\u00a0Envio Correos Certificado con nr de seguimiento. (2-4 d\u00edas laborables)<\/p>\n<p>3: Correos Ordinario sin nr de seguimiento (solo para cosas peque\u00f1as y poco valiosas ya que al no tener seguimiento se pueden perder y no nos hacemos responsable) (3-5 d\u00edas laborables)<\/p>\n<p><strong>Si usted elije transportista Envio Ofertalux= Nosotros elegimos el transportista mas adecuado para ese pedido y porsupuesto el mas rapido.\u00a0Para cualquiera de las 3 opciones el envio recibir\u00e0 informacion de su env\u00edo y entrega.<\/strong><\/p>\n<p><strong>Los pedidos por encargo tardar\u00e1n en funci\u00f3n\u00a0del encargo y materiales necesarios.Consultenos para mas detalles.<\/strong><\/p>\n<p><strong>Los envios se hacen con numero de seguimiento (menos los env\u00edos ordinarios en el caso de que usted los elija).Los gastos de env\u00edo incluyen los gastos de manipulaci\u00f3n y embalaje. Las tarifas de transporte var\u00edan seg\u00fan el peso total y volumen del env\u00edo. Le recomendamos que agrupe sus art\u00edculos en un solo pedido para que salga mas econ\u00f3mico. No podemos agrupar dos \u00f3rdenes distintas colocadas por separado, y los honorarios de env\u00edo se aplicar\u00e1n a cada uno de ellos.Las cajas est\u00e1n ampliamente dimensionadas y sus art\u00edculos est\u00e1n bien protegidos.<\/strong><\/p>\n<h3><strong>Devoluciones<\/strong><\/h3>\n<p><b>Los productos como: Camas para perros por encargo, fundas por encargo, arreglos y reparaci\u00f3n, etc por encargo, telas al corte, espuma al corte, etc al corte, no tienen derecho de devoluci\u00f3n porque son ART\u00cdCULOS HECHOS A MEDIDA. En el momento que usted elije uno de los productos con estas caracter\u00edsticas\u00a0pierde el derecho de solicitar la devoluci\u00f3n del producto. Es decir: NO SE PUEDEN DEVOLVER.<\/b><\/p>\n<p><em><strong>Ejemplo<\/strong><\/em>: Si usted pide 2 metros de tela al corte pero despu\u00e9s de recibirla se da cuenta que no es lo suficientemente grande para lo que quer\u00eda utilizarla,\u00a0<strong>NO PODR\u00c1<\/strong>\u00a0descambiarla por una pieza de mas o menos tama\u00f1o, ni tampoco hacer la devoluci\u00f3n porque se trata de\u00a0<strong>MATERIALES AL CORTE\/TELAS A MEDIDA.<\/strong><\/p>\n<p><b>Para otros productos (SIN UTILIZAR) aceptamos la devoluci\u00f3n\u00a0en un plazo maximo de 7 dias y despues de inspeccionar el producto devuelto, si es apto para la devoluci\u00f3n procedemos con el reembolso del dinero SIN incluir los gastos del envio.No obstante si nosotros cometemos el error de enviarle un producto equivocado nos haremos cargo como es debido. Tiene que saber que trabajamos cada d\u00eda\u00a0para mejorar y tener un buena relaci\u00f3n con nuestros clientes. Por eso tiene que confiar que siempre buscaremos una soluci\u00f3n a sus problemas.\u00a0<\/b><\/p>\n","protected":false},"excerpt":{"rendered":"<p>Env\u00edos y entregas Los paquetes se env\u00edan generalmente en el plazo de 1-2 d\u00edas despu\u00e9s del recibo del pago (siempre y cuando tengamos stock). Si son pedidos bajo demanda lo avisamos en la pagina del producto correspondiente. Si hay que fabricar el producto se tarda mas (seg\u00fan el producto deseado).\u00a0Si tiene dudas p\u00f3ngase en contacto [&hellip;]<\/p>\n","protected":false},"author":1,"featured_media":0,"parent":0,"menu_order":0,"comment_status":"closed","ping_status":"closed","template":"","meta":{"footnotes":""},"class_list":["post-56","page","type-page","status-publish","hentry"],"jetpack_sharing_enabled":true,"_links":{"self":[{"href":"https:\/\/ofertalux.com\/empresa\/wp-json\/wp\/v2\/pages\/56","targetHints":{"allow":["GET"]}}],"collection":[{"href":"https:\/\/ofertalux.com\/empresa\/wp-json\/wp\/v2\/pages"}],"about":[{"href":"https:\/\/ofertalux.com\/empresa\/wp-json\/wp\/v2\/types\/page"}],"author":[{"embeddable":true,"href":"https:\/\/ofertalux.com\/empresa\/wp-json\/wp\/v2\/users\/1"}],"replies":[{"embeddable":true,"href":"https:\/\/ofertalux.com\/empresa\/wp-json\/wp\/v2\/comments?post=56"}],"version-history":[{"count":4,"href":"https:\/\/ofertalux.com\/empresa\/wp-json\/wp\/v2\/pages\/56\/revisions"}],"predecessor-version":[{"id":2721,"href":"https:\/\/ofertalux.com\/empresa\/wp-json\/wp\/v2\/pages\/56\/revisions\/2721"}],"wp:attachment":[{"href":"https:\/\/ofertalux.com\/empresa\/wp-json\/wp\/v2\/media?parent=56"}],"curies":[{"name":"wp","href":"https:\/\/api.w.org\/{rel}","templated":true}]}}